{"id":482,"date":"2025-09-16T16:52:30","date_gmt":"2025-09-16T14:52:30","guid":{"rendered":"http:\/\/www2.sssv.org\/17\/?page_id=482"},"modified":"2025-09-17T09:03:12","modified_gmt":"2025-09-17T07:03:12","slug":"uits","status":"publish","type":"page","link":"https:\/\/www.sssv.org\/17\/uits\/","title":{"rendered":"UITS"},"content":{"rendered":"<p>[vc_row][vc_column width=&#8220;2\/3&#8243;][vc_column_text]<\/p>\n<h1><strong>UITS<\/strong><\/h1>\n<p>[\/vc_column_text][vc_column_text]<span style=\"color: #000000;\"><img loading=\"lazy\" class=\"aligncenter wp-image-483 size-full\" src=\"https:\/\/www.sssv.org\/17\/wp-content\/uploads\/2017\/03\/logo_uits.jpg\" alt=\"\" width=\"151\" height=\"151\" srcset=\"https:\/\/www.sssv.org\/17\/wp-content\/uploads\/2017\/03\/logo_uits.jpg 151w, https:\/\/www.sssv.org\/17\/wp-content\/uploads\/2017\/03\/logo_uits-150x150.jpg 150w\" sizes=\"(max-width: 151px) 100vw, 151px\" \/><\/span><\/p>\n<p align=\"center\"><span style=\"color: #000000;\"><strong>Die UITS T\u00e4tigkeiten in S\u00fcdtirol sind dem Regionalkomitee unterstellt.<br \/>\nDiesem geh\u00f6ren nach der Wahl vom 6. September 2025 folgende Mitglieder an:<\/strong><\/span><\/p>\n<div align=\"center\">\n<table style=\"width: 99.7135%; height: 439px;\" border=\"1\" cellspacing=\"1\">\n<tbody>\n<tr style=\"height: 76px;\">\n<td style=\"width: 289.533px; height: 233px; border-color: #969292;\" align=\"center\"><span style=\"color: #000000; font-size: medium;\"><span style=\"color: #000000; font-size: medium;\"><strong><span style=\"font-family: Arial;\"><br \/>\n<img loading=\"lazy\" class=\"alignnone wp-image-5530\" src=\"https:\/\/www.sssv.org\/17\/wp-content\/uploads\/2025\/09\/Lillo-Enrico-232x300.jpg\" alt=\"\" width=\"176\" height=\"227\" srcset=\"https:\/\/www.sssv.org\/17\/wp-content\/uploads\/2025\/09\/Lillo-Enrico-232x300.jpg 232w, https:\/\/www.sssv.org\/17\/wp-content\/uploads\/2025\/09\/Lillo-Enrico-325x420.jpg 325w, https:\/\/www.sssv.org\/17\/wp-content\/uploads\/2025\/09\/Lillo-Enrico.jpg 598w\" sizes=\"(max-width: 176px) 100vw, 176px\" \/><\/span><\/strong><\/span><\/span><\/td>\n<td style=\"width: 289.533px; height: 233px; border-color: #969292;\" align=\"center\"><strong><span style=\"font-family: Arial; font-size: medium; color: #000000;\">Pr\u00e4sident<\/span><\/strong><\/p>\n<p><span style=\"font-family: Arial; font-size: medium; color: #000000;\">Enrico Lillo &#8211; Bozen<\/span><\/td>\n<\/tr>\n<tr style=\"height: 76px;\">\n<td style=\"width: 289.533px; height: 76px; border-color: #969292;\" align=\"center\"><span style=\"color: #000000; font-size: medium;\"><strong><span style=\"font-family: Arial;\">Ausschussmitglieder<\/span><\/strong><\/span><\/td>\n<td style=\"width: 289.533px; height: 76px; border-color: #969292;\" align=\"center\"><span style=\"color: #000000;\"><span style=\"font-size: medium;\"><br \/>\n<\/span><\/span><span style=\"color: #000000;\"><span style=\"color: #000000;\"><span style=\"font-size: medium;\">Edith Gufler <span style=\"font-size: medium;\">\u2013 Meran<br \/>\n<\/span>Horst Geier &#8211; Terlan<br \/>\n<\/span><span style=\"font-size: medium;\">Markus Passler <\/span><span style=\"font-size: medium;\"><span style=\"font-size: medium;\">\u2013 Antholz<\/span><\/span><span style=\"font-size: medium;\"><span lang=\"DE\"><br \/>\n<\/span><\/span><span style=\"font-size: medium;\">Engelbert Zelger <\/span><span style=\"font-size: medium;\">\u2013<\/span> Auer<br \/>\n<span style=\"font-size: medium;\">Alessio Fornasier &#8211; Meran<br \/>\n<span style=\"color: #ffffff;\">.<\/span><br \/>\n<\/span><\/span><\/span><\/td>\n<\/tr>\n<tr style=\"height: 79px;\">\n<td style=\"width: 289.533px; height: 130px; border-color: #969292;\" align=\"center\"><span style=\"color: #000000; font-size: medium;\"><strong><span style=\"font-family: Arial;\"><br \/>\nVertreter der Techniker<br \/>\n<\/span><\/strong><\/span><span style=\"color: #000000; font-size: medium;\"><strong><span style=\"font-family: Arial;\">Vertreter der Sportler<\/span><\/strong><\/span><\/td>\n<td style=\"width: 289.533px; height: 130px; border-color: #969292;\" align=\"center\"><span style=\"font-family: Arial; color: #000000; font-size: medium;\"><br \/>\nKilian Gr\u00fcner &#8211; Schnals<br \/>\n<\/span><span style=\"font-family: Arial; color: #000000; font-size: medium;\">Peter Chizzali &#8211; Bozen<\/span><\/td>\n<\/tr>\n<\/tbody>\n<\/table>\n<p><span style=\"color: #000000;\">\u00a0<\/span><\/p>\n<\/div>\n<p>[\/vc_column_text][\/vc_column][\/vc_row][vc_row][vc_column][vc_separator color=&#8220;custom&#8220; border_width=&#8220;5&#8243; accent_color=&#8220;#fb0102&#8243;][vc_column_text]<span style=\"color: #000000;\"><strong>Dr. Ing. Ernfried Obrist<\/strong><\/span><\/p>\n<p style=\"text-align: left;\" align=\"center\"><span style=\"color: #000000;\">Unser <strong>Vertreter<\/strong> in <strong>Rom<\/strong> war jahrelang Dr. Ing. Ernfried Obrist aus Kaltern.<\/span><br \/>\n<span style=\"color: #000000;\">Er ist am 19. Dez. 2004 in Rom zum Pr\u00e4sidenten der UITS gew\u00e4hlt worden.<\/span><br \/>\n<span style=\"color: #000000;\">2008 und 2012 wurde er erneut als <strong>Pr\u00e4sident<\/strong> mit fast vollz\u00e4hligen Stimmen in seinem Amt wieder best\u00e4tigt. Allerdings wurde seine Wiederwahl noch nicht vom Innenministerium best\u00e4tigt, da eine Mandatsbeschr\u00e4nkung zur Anwendung kam. Seither steht er immer noch den Sektionen zur Seite, wenn mit Rom was zu erledigen ist.<\/span><\/p>\n<p>[\/vc_column_text][vc_single_image image=&#8220;400&#8243; img_size=&#8220;150x200px&#8220;][\/vc_column][\/vc_row]<\/p>\n","protected":false},"excerpt":{"rendered":"<p>[vc_row][vc_column width=&#8220;2\/3&#8243;][vc_column_text] UITS [\/vc_column_text][vc_column_text] Die UITS T\u00e4tigkeiten in S\u00fcdtirol sind dem Regionalkomitee unterstellt. Diesem geh\u00f6ren nach der Wahl vom 6. September 2025 folgende Mitglieder an: Pr\u00e4sident Enrico Lillo &#8211; Bozen Ausschussmitglieder Edith Gufler \u2013 Meran Horst Geier &#8211; Terlan Markus Passler \u2013 Antholz Engelbert Zelger \u2013 Auer Alessio Fornasier &#8211; Meran . Vertreter der Techniker [&hellip;]<\/p>\n","protected":false},"author":1,"featured_media":0,"parent":0,"menu_order":0,"comment_status":"closed","ping_status":"closed","template":"","meta":[],"yoast_head":"<!-- This site is optimized with the Yoast SEO plugin v17.8 - https:\/\/yoast.com\/wordpress\/plugins\/seo\/ -->\n<meta name=\"robots\" content=\"index, follow, max-snippet:-1, max-image-preview:large, max-video-preview:-1\" \/>\n<link rel=\"canonical\" href=\"https:\/\/www.sssv.org\/17\/uits\/\" \/>\n<meta property=\"og:locale\" content=\"de_DE\" \/>\n<meta property=\"og:type\" content=\"article\" \/>\n<meta property=\"og:title\" content=\"UITS - SSSV\" \/>\n<meta property=\"og:description\" content=\"[vc_row][vc_column width=&#8220;2\/3&#8243;][vc_column_text] UITS [\/vc_column_text][vc_column_text] Die UITS T\u00e4tigkeiten in S\u00fcdtirol sind dem Regionalkomitee unterstellt. Diesem geh\u00f6ren nach der Wahl vom 6. September 2025 folgende Mitglieder an: Pr\u00e4sident Enrico Lillo &#8211; Bozen Ausschussmitglieder Edith Gufler \u2013 Meran Horst Geier &#8211; Terlan Markus Passler \u2013 Antholz Engelbert Zelger \u2013 Auer Alessio Fornasier &#8211; Meran . Vertreter der Techniker [&hellip;]\" \/>\n<meta property=\"og:url\" content=\"https:\/\/www.sssv.org\/17\/uits\/\" \/>\n<meta property=\"og:site_name\" content=\"SSSV\" \/>\n<meta property=\"article:modified_time\" content=\"2025-09-17T07:03:12+00:00\" \/>\n<meta property=\"og:image\" content=\"https:\/\/www.sssv.org\/17\/wp-content\/uploads\/2017\/03\/logo_uits.jpg\" \/>\n<meta name=\"twitter:card\" content=\"summary_large_image\" \/>\n<meta name=\"twitter:label1\" content=\"Gesch\u00e4tzte Lesezeit\" \/>\n\t<meta name=\"twitter:data1\" content=\"2\u00a0Minuten\" \/>\n<script type=\"application\/ld+json\" class=\"yoast-schema-graph\">{\"@context\":\"https:\/\/schema.org\",\"@graph\":[{\"@type\":\"WebSite\",\"@id\":\"https:\/\/www.sssv.org\/17\/#website\",\"url\":\"https:\/\/www.sssv.org\/17\/\",\"name\":\"SSSV\",\"description\":\"S\\u00fcdtiroler Sportsch\\u00fctzenverband\",\"potentialAction\":[{\"@type\":\"SearchAction\",\"target\":{\"@type\":\"EntryPoint\",\"urlTemplate\":\"https:\/\/www.sssv.org\/17\/?s={search_term_string}\"},\"query-input\":\"required name=search_term_string\"}],\"inLanguage\":\"de\"},{\"@type\":\"ImageObject\",\"@id\":\"https:\/\/www.sssv.org\/17\/uits\/#primaryimage\",\"inLanguage\":\"de\",\"url\":\"https:\/\/www.sssv.org\/17\/wp-content\/uploads\/2017\/03\/logo_uits.jpg\",\"contentUrl\":\"https:\/\/www.sssv.org\/17\/wp-content\/uploads\/2017\/03\/logo_uits.jpg\",\"width\":151,\"height\":151},{\"@type\":\"WebPage\",\"@id\":\"https:\/\/www.sssv.org\/17\/uits\/#webpage\",\"url\":\"https:\/\/www.sssv.org\/17\/uits\/\",\"name\":\"UITS - SSSV\",\"isPartOf\":{\"@id\":\"https:\/\/www.sssv.org\/17\/#website\"},\"primaryImageOfPage\":{\"@id\":\"https:\/\/www.sssv.org\/17\/uits\/#primaryimage\"},\"datePublished\":\"2025-09-16T14:52:30+00:00\",\"dateModified\":\"2025-09-17T07:03:12+00:00\",\"breadcrumb\":{\"@id\":\"https:\/\/www.sssv.org\/17\/uits\/#breadcrumb\"},\"inLanguage\":\"de\",\"potentialAction\":[{\"@type\":\"ReadAction\",\"target\":[\"https:\/\/www.sssv.org\/17\/uits\/\"]}]},{\"@type\":\"BreadcrumbList\",\"@id\":\"https:\/\/www.sssv.org\/17\/uits\/#breadcrumb\",\"itemListElement\":[{\"@type\":\"ListItem\",\"position\":1,\"name\":\"Startseite\",\"item\":\"https:\/\/www.sssv.org\/17\/\"},{\"@type\":\"ListItem\",\"position\":2,\"name\":\"UITS\"}]}]}<\/script>\n<!-- \/ Yoast SEO plugin. -->","yoast_head_json":{"robots":{"index":"index","follow":"follow","max-snippet":"max-snippet:-1","max-image-preview":"max-image-preview:large","max-video-preview":"max-video-preview:-1"},"canonical":"https:\/\/www.sssv.org\/17\/uits\/","og_locale":"de_DE","og_type":"article","og_title":"UITS - SSSV","og_description":"[vc_row][vc_column width=&#8220;2\/3&#8243;][vc_column_text] UITS [\/vc_column_text][vc_column_text] Die UITS T\u00e4tigkeiten in S\u00fcdtirol sind dem Regionalkomitee unterstellt. Diesem geh\u00f6ren nach der Wahl vom 6. September 2025 folgende Mitglieder an: Pr\u00e4sident Enrico Lillo &#8211; Bozen Ausschussmitglieder Edith Gufler \u2013 Meran Horst Geier &#8211; Terlan Markus Passler \u2013 Antholz Engelbert Zelger \u2013 Auer Alessio Fornasier &#8211; Meran . Vertreter der Techniker [&hellip;]","og_url":"https:\/\/www.sssv.org\/17\/uits\/","og_site_name":"SSSV","article_modified_time":"2025-09-17T07:03:12+00:00","og_image":[{"url":"https:\/\/www.sssv.org\/17\/wp-content\/uploads\/2017\/03\/logo_uits.jpg"}],"twitter_card":"summary_large_image","twitter_misc":{"Gesch\u00e4tzte Lesezeit":"2\u00a0Minuten"},"schema":{"@context":"https:\/\/schema.org","@graph":[{"@type":"WebSite","@id":"https:\/\/www.sssv.org\/17\/#website","url":"https:\/\/www.sssv.org\/17\/","name":"SSSV","description":"S\u00fcdtiroler Sportsch\u00fctzenverband","potentialAction":[{"@type":"SearchAction","target":{"@type":"EntryPoint","urlTemplate":"https:\/\/www.sssv.org\/17\/?s={search_term_string}"},"query-input":"required name=search_term_string"}],"inLanguage":"de"},{"@type":"ImageObject","@id":"https:\/\/www.sssv.org\/17\/uits\/#primaryimage","inLanguage":"de","url":"https:\/\/www.sssv.org\/17\/wp-content\/uploads\/2017\/03\/logo_uits.jpg","contentUrl":"https:\/\/www.sssv.org\/17\/wp-content\/uploads\/2017\/03\/logo_uits.jpg","width":151,"height":151},{"@type":"WebPage","@id":"https:\/\/www.sssv.org\/17\/uits\/#webpage","url":"https:\/\/www.sssv.org\/17\/uits\/","name":"UITS - SSSV","isPartOf":{"@id":"https:\/\/www.sssv.org\/17\/#website"},"primaryImageOfPage":{"@id":"https:\/\/www.sssv.org\/17\/uits\/#primaryimage"},"datePublished":"2025-09-16T14:52:30+00:00","dateModified":"2025-09-17T07:03:12+00:00","breadcrumb":{"@id":"https:\/\/www.sssv.org\/17\/uits\/#breadcrumb"},"inLanguage":"de","potentialAction":[{"@type":"ReadAction","target":["https:\/\/www.sssv.org\/17\/uits\/"]}]},{"@type":"BreadcrumbList","@id":"https:\/\/www.sssv.org\/17\/uits\/#breadcrumb","itemListElement":[{"@type":"ListItem","position":1,"name":"Startseite","item":"https:\/\/www.sssv.org\/17\/"},{"@type":"ListItem","position":2,"name":"UITS"}]}]}},"_links":{"self":[{"href":"https:\/\/www.sssv.org\/17\/wp-json\/wp\/v2\/pages\/482"}],"collection":[{"href":"https:\/\/www.sssv.org\/17\/wp-json\/wp\/v2\/pages"}],"about":[{"href":"https:\/\/www.sssv.org\/17\/wp-json\/wp\/v2\/types\/page"}],"author":[{"embeddable":true,"href":"https:\/\/www.sssv.org\/17\/wp-json\/wp\/v2\/users\/1"}],"replies":[{"embeddable":true,"href":"https:\/\/www.sssv.org\/17\/wp-json\/wp\/v2\/comments?post=482"}],"version-history":[{"count":36,"href":"https:\/\/www.sssv.org\/17\/wp-json\/wp\/v2\/pages\/482\/revisions"}],"predecessor-version":[{"id":3923,"href":"https:\/\/www.sssv.org\/17\/wp-json\/wp\/v2\/pages\/482\/revisions\/3923"}],"wp:attachment":[{"href":"https:\/\/www.sssv.org\/17\/wp-json\/wp\/v2\/media?parent=482"}],"curies":[{"name":"wp","href":"https:\/\/api.w.org\/{rel}","templated":true}]}}