{"id":466,"date":"2017-03-20T22:03:43","date_gmt":"2017-03-20T21:03:43","guid":{"rendered":"http:\/\/www2.sssv.org\/17\/?page_id=466"},"modified":"2025-06-16T18:16:13","modified_gmt":"2025-06-16T16:16:13","slug":"burggrafenamt","status":"publish","type":"page","link":"https:\/\/www.sssv.org\/17\/burggrafenamt\/","title":{"rendered":"BURGGRAFENAMT"},"content":{"rendered":"<p>[vc_row][vc_column width=&#8220;2\/3&#8243;][vc_column_text]<\/p>\n<h1>BEZIRK\u00a0BURGGRAFENAMT<\/h1>\n<p>[\/vc_column_text][vc_separator color=&#8220;custom&#8220; border_width=&#8220;5&#8243; accent_color=&#8220;#fb0102&#8243;][vc_single_image image=&#8220;411&#8243; img_size=&#8220;300x400px&#8220;][vc_column_text]<\/p>\n<h4><strong><span style=\"color: #000000;\">Bezirksobersch\u00fctzenmeister: <\/span><\/strong><span style=\"color: #000000;\">Ratschiller Robert <\/span><span style=\"color: #000000;\">39017 Schenna \u2013\u00a0Leiterweg 21<\/span><\/h4>\n<h4><strong>1. Bezirkssch\u00fctzenmeister:<\/strong> Manfred Kofler 39010 St. Martin in Passeier<\/h4>\n<h4><strong>2. Bezirkssch\u00fctzenmeister:<\/strong> Johann Z\u00f6ggeler Marling<\/h4>\n<h4><strong>Sekret\u00e4rin:<\/strong> Christine Weger<\/h4>\n<h4><strong>Kassierin:<\/strong> Waltraud Hofer<\/h4>\n<h4><strong>Schie\u00dfsportleiter Sport:<\/strong> Eduard v. Dellemann Dorf Tirol<\/h4>\n<h4><strong>Schie\u00dfsportleiter Freischie\u00dfen:<\/strong> Reinhard Fauner St. Leonhard in Passeier<\/h4>\n<h4><strong>Jugendleit<\/strong>er: Manfred Kofler St. Martin in Passeier<\/h4>\n<p>[\/vc_column_text][vc_separator color=&#8220;custom&#8220; border_width=&#8220;5&#8243; accent_color=&#8220;#fb0102&#8243;][vc_column_text]<\/p>\n<h3><span style=\"color: #000000;\"><a style=\"color: #000000;\" href=\"mailto:https:\/\/www.meranomaiaalta.net\/TSNMerano\/Portale\/Index.htm\"><b><span style=\"font-family: Arial;\">SEKTION\u00a0MERAN<\/span><\/b><\/a><\/span><\/h3>\n<p><span style=\"color: #000000;\"><strong>Obersch\u00fctzenmeister<\/strong> Eduard von Dellemann<a style=\"color: #000000;\" href=\"mailto:tsn.merano@gmail.com\" target=\"_blank\" rel=\"noopener noreferrer\"><br \/>\n<\/a>39019 Dorf Tirol Haslach 112<\/span>[\/vc_column_text][vc_separator color=&#8220;custom&#8220; border_width=&#8220;5&#8243; accent_color=&#8220;#e29754&#8243;][vc_column_text]<\/p>\n<h3><span style=\"color: #000000;\"><b><span style=\"font-family: Arial;\">GILDE ALGUND<\/span><\/b><\/span><\/h3>\n<p><span style=\"color: #000000;\"><strong>Obersch\u00fctzenmeister<\/strong> Dr. Ing.\u00a0<a style=\"color: #000000;\" href=\"mailto:arch.gutweniger@welt.it\" target=\"_blank\" rel=\"noopener noreferrer\">Gutweniger Stephan<br \/>\n<\/a>39022 Algund \u2013\u00a0Mitterplars 28<\/span>[\/vc_column_text][vc_separator color=&#8220;custom&#8220; border_width=&#8220;5&#8243; accent_color=&#8220;#e29754&#8243;][vc_column_text]<\/p>\n<h3><b><span style=\"color: #000000; font-family: Arial;\">SEKTION\u00a0MARLING<\/span><\/b><\/h3>\n<p><strong>Obersch\u00fctzenmeister<\/strong> Z\u00f6ggeler Hans<br \/>\n39020 Marling \u2013\u00a0P.-Mitterhoferstra\u00dfe 5[\/vc_column_text][vc_separator color=&#8220;custom&#8220; border_width=&#8220;5&#8243; accent_color=&#8220;#e29754&#8243;][vc_column_text]<\/p>\n<h3><b><span style=\"color: #000000; font-family: Arial;\">SEKTION ST. LEONHARD<\/span><\/b><\/h3>\n<p><strong>Obersch\u00fctzenmeister<\/strong> Herbert Pixner<br \/>\n39015 St. Leonhard \u2013 Happergweg 5A[\/vc_column_text][vc_separator color=&#8220;custom&#8220; border_width=&#8220;5&#8243; accent_color=&#8220;#e29754&#8243;][vc_column_text]<\/p>\n<h3><span style=\"color: #000000;\"><a style=\"color: #000000;\" href=\"https:\/\/www.sportschuetzen.schenna.com\"><b><span style=\"font-family: Arial;\">SEKTION\u00a0SCHENNA<\/span><\/b><\/a><\/span><\/h3>\n<p><span style=\"color: #000000;\"><strong>Obersch\u00fctzenmeister<\/strong>\u00a0Franz Dapr\u00e1<\/span><br \/>\n<span style=\"color: #000000;\">39017 Schenna \u2013\u00a0Schennastra\u00dfe 31<\/span>[\/vc_column_text][vc_separator color=&#8220;custom&#8220; border_width=&#8220;5&#8243; accent_color=&#8220;#e29754&#8243;][vc_column_text]<\/p>\n<h3><b><span style=\"color: #000000; font-family: Arial;\">SEKTION DORF TIROL<\/span><\/b><\/h3>\n<p><strong>Obersch\u00fctzenmeister<\/strong> <a href=\"mailto:andreas@khuen.it\"><span style=\"color: #000000;\">Andreas Khuen<\/span><\/a><br \/>\n39019 Dorf Tirol \u2013 Seminarstr. 38a[\/vc_column_text][vc_separator color=&#8220;custom&#8220; border_width=&#8220;5&#8243; accent_color=&#8220;#e29754&#8243;][vc_column_text]<\/p>\n<h3><span style=\"color: #000000;\"><a style=\"color: #000000;\" href=\"mailto:hermann.hillebrand@tiscali.net\"><b><span style=\"font-family: Arial;\">SEKTION LANA<\/span><\/b><\/a><\/span><\/h3>\n<p><span style=\"color: #000000;\"><strong>Obersch\u00fctzenmeister<\/strong> <a style=\"color: #000000;\" href=\"mailto:r.margesin@alice.it\">Robert Margesin<\/a><\/span><br \/>\n<span style=\"color: #000000;\">39011 Lana \u2013 Braunsbergweg Tel. 335 543 89 99<\/span>[\/vc_column_text][vc_separator color=&#8220;custom&#8220; border_width=&#8220;5&#8243; accent_color=&#8220;#e29754&#8243;][vc_column_text]<\/p>\n<h3><span style=\"color: #000000;\"><b><span style=\"font-family: Arial;\">SEKTION GARGAZON<\/span><\/b><\/span><\/h3>\n<p><span style=\"color: #000000;\"><strong>Obersch\u00fctzenmeister<\/strong>\u00a0<a style=\"color: #000000;\" href=\"mailto:Klaus.Weger@dnet.it\" target=\"_blank\" rel=\"noopener noreferrer\">Weger Nikolaus<br \/>\n<\/a>39100 Bozen \u2013\u00a0Weingartenweg 78<\/span>[\/vc_column_text][vc_separator color=&#8220;custom&#8220; border_width=&#8220;5&#8243; accent_color=&#8220;#e29754&#8243;][\/vc_column][\/vc_row][vc_row][vc_column][vc_column_text]<\/p>\n<p>[\/vc_column_text][\/vc_column][\/vc_row]<\/p>\n","protected":false},"excerpt":{"rendered":"<p>[vc_row][vc_column width=&#8220;2\/3&#8243;][vc_column_text] BEZIRK\u00a0BURGGRAFENAMT [\/vc_column_text][vc_separator color=&#8220;custom&#8220; border_width=&#8220;5&#8243; accent_color=&#8220;#fb0102&#8243;][vc_single_image image=&#8220;411&#8243; img_size=&#8220;300x400px&#8220;][vc_column_text] Bezirksobersch\u00fctzenmeister: Ratschiller Robert 39017 Schenna \u2013\u00a0Leiterweg 21 1. Bezirkssch\u00fctzenmeister: Manfred Kofler 39010 St. Martin in Passeier 2. Bezirkssch\u00fctzenmeister: Johann Z\u00f6ggeler Marling Sekret\u00e4rin: Christine Weger Kassierin: Waltraud Hofer Schie\u00dfsportleiter Sport: Eduard v. Dellemann Dorf Tirol Schie\u00dfsportleiter Freischie\u00dfen: Reinhard Fauner St. Leonhard in Passeier Jugendleiter: Manfred Kofler St. [&hellip;]<\/p>\n","protected":false},"author":1,"featured_media":0,"parent":0,"menu_order":0,"comment_status":"closed","ping_status":"closed","template":"","meta":[],"yoast_head":"<!-- This site is optimized with the Yoast SEO plugin v17.8 - https:\/\/yoast.com\/wordpress\/plugins\/seo\/ -->\n<meta name=\"robots\" content=\"index, follow, max-snippet:-1, max-image-preview:large, max-video-preview:-1\" \/>\n<link rel=\"canonical\" href=\"https:\/\/www.sssv.org\/17\/burggrafenamt\/\" \/>\n<meta property=\"og:locale\" content=\"de_DE\" \/>\n<meta property=\"og:type\" content=\"article\" \/>\n<meta property=\"og:title\" content=\"BURGGRAFENAMT - SSSV\" \/>\n<meta property=\"og:description\" content=\"[vc_row][vc_column width=&#8220;2\/3&#8243;][vc_column_text] BEZIRK\u00a0BURGGRAFENAMT [\/vc_column_text][vc_separator color=&#8220;custom&#8220; border_width=&#8220;5&#8243; accent_color=&#8220;#fb0102&#8243;][vc_single_image image=&#8220;411&#8243; img_size=&#8220;300x400px&#8220;][vc_column_text] Bezirksobersch\u00fctzenmeister: Ratschiller Robert 39017 Schenna \u2013\u00a0Leiterweg 21 1. Bezirkssch\u00fctzenmeister: Manfred Kofler 39010 St. Martin in Passeier 2. Bezirkssch\u00fctzenmeister: Johann Z\u00f6ggeler Marling Sekret\u00e4rin: Christine Weger Kassierin: Waltraud Hofer Schie\u00dfsportleiter Sport: Eduard v. Dellemann Dorf Tirol Schie\u00dfsportleiter Freischie\u00dfen: Reinhard Fauner St. Leonhard in Passeier Jugendleiter: Manfred Kofler St. [&hellip;]\" \/>\n<meta property=\"og:url\" content=\"https:\/\/www.sssv.org\/17\/burggrafenamt\/\" \/>\n<meta property=\"og:site_name\" content=\"SSSV\" \/>\n<meta property=\"article:modified_time\" content=\"2025-06-16T16:16:13+00:00\" \/>\n<meta name=\"twitter:card\" content=\"summary_large_image\" \/>\n<meta name=\"twitter:label1\" content=\"Gesch\u00e4tzte Lesezeit\" \/>\n\t<meta name=\"twitter:data1\" content=\"1\u00a0Minute\" \/>\n<script type=\"application\/ld+json\" class=\"yoast-schema-graph\">{\"@context\":\"https:\/\/schema.org\",\"@graph\":[{\"@type\":\"WebSite\",\"@id\":\"https:\/\/www.sssv.org\/17\/#website\",\"url\":\"https:\/\/www.sssv.org\/17\/\",\"name\":\"SSSV\",\"description\":\"S\\u00fcdtiroler Sportsch\\u00fctzenverband\",\"potentialAction\":[{\"@type\":\"SearchAction\",\"target\":{\"@type\":\"EntryPoint\",\"urlTemplate\":\"https:\/\/www.sssv.org\/17\/?s={search_term_string}\"},\"query-input\":\"required name=search_term_string\"}],\"inLanguage\":\"de\"},{\"@type\":\"WebPage\",\"@id\":\"https:\/\/www.sssv.org\/17\/burggrafenamt\/#webpage\",\"url\":\"https:\/\/www.sssv.org\/17\/burggrafenamt\/\",\"name\":\"BURGGRAFENAMT - SSSV\",\"isPartOf\":{\"@id\":\"https:\/\/www.sssv.org\/17\/#website\"},\"datePublished\":\"2017-03-20T21:03:43+00:00\",\"dateModified\":\"2025-06-16T16:16:13+00:00\",\"breadcrumb\":{\"@id\":\"https:\/\/www.sssv.org\/17\/burggrafenamt\/#breadcrumb\"},\"inLanguage\":\"de\",\"potentialAction\":[{\"@type\":\"ReadAction\",\"target\":[\"https:\/\/www.sssv.org\/17\/burggrafenamt\/\"]}]},{\"@type\":\"BreadcrumbList\",\"@id\":\"https:\/\/www.sssv.org\/17\/burggrafenamt\/#breadcrumb\",\"itemListElement\":[{\"@type\":\"ListItem\",\"position\":1,\"name\":\"Startseite\",\"item\":\"https:\/\/www.sssv.org\/17\/\"},{\"@type\":\"ListItem\",\"position\":2,\"name\":\"BURGGRAFENAMT\"}]}]}<\/script>\n<!-- \/ Yoast SEO plugin. -->","yoast_head_json":{"robots":{"index":"index","follow":"follow","max-snippet":"max-snippet:-1","max-image-preview":"max-image-preview:large","max-video-preview":"max-video-preview:-1"},"canonical":"https:\/\/www.sssv.org\/17\/burggrafenamt\/","og_locale":"de_DE","og_type":"article","og_title":"BURGGRAFENAMT - SSSV","og_description":"[vc_row][vc_column width=&#8220;2\/3&#8243;][vc_column_text] BEZIRK\u00a0BURGGRAFENAMT [\/vc_column_text][vc_separator color=&#8220;custom&#8220; border_width=&#8220;5&#8243; accent_color=&#8220;#fb0102&#8243;][vc_single_image image=&#8220;411&#8243; img_size=&#8220;300x400px&#8220;][vc_column_text] Bezirksobersch\u00fctzenmeister: Ratschiller Robert 39017 Schenna \u2013\u00a0Leiterweg 21 1. Bezirkssch\u00fctzenmeister: Manfred Kofler 39010 St. Martin in Passeier 2. Bezirkssch\u00fctzenmeister: Johann Z\u00f6ggeler Marling Sekret\u00e4rin: Christine Weger Kassierin: Waltraud Hofer Schie\u00dfsportleiter Sport: Eduard v. Dellemann Dorf Tirol Schie\u00dfsportleiter Freischie\u00dfen: Reinhard Fauner St. Leonhard in Passeier Jugendleiter: Manfred Kofler St. [&hellip;]","og_url":"https:\/\/www.sssv.org\/17\/burggrafenamt\/","og_site_name":"SSSV","article_modified_time":"2025-06-16T16:16:13+00:00","twitter_card":"summary_large_image","twitter_misc":{"Gesch\u00e4tzte Lesezeit":"1\u00a0Minute"},"schema":{"@context":"https:\/\/schema.org","@graph":[{"@type":"WebSite","@id":"https:\/\/www.sssv.org\/17\/#website","url":"https:\/\/www.sssv.org\/17\/","name":"SSSV","description":"S\u00fcdtiroler Sportsch\u00fctzenverband","potentialAction":[{"@type":"SearchAction","target":{"@type":"EntryPoint","urlTemplate":"https:\/\/www.sssv.org\/17\/?s={search_term_string}"},"query-input":"required name=search_term_string"}],"inLanguage":"de"},{"@type":"WebPage","@id":"https:\/\/www.sssv.org\/17\/burggrafenamt\/#webpage","url":"https:\/\/www.sssv.org\/17\/burggrafenamt\/","name":"BURGGRAFENAMT - SSSV","isPartOf":{"@id":"https:\/\/www.sssv.org\/17\/#website"},"datePublished":"2017-03-20T21:03:43+00:00","dateModified":"2025-06-16T16:16:13+00:00","breadcrumb":{"@id":"https:\/\/www.sssv.org\/17\/burggrafenamt\/#breadcrumb"},"inLanguage":"de","potentialAction":[{"@type":"ReadAction","target":["https:\/\/www.sssv.org\/17\/burggrafenamt\/"]}]},{"@type":"BreadcrumbList","@id":"https:\/\/www.sssv.org\/17\/burggrafenamt\/#breadcrumb","itemListElement":[{"@type":"ListItem","position":1,"name":"Startseite","item":"https:\/\/www.sssv.org\/17\/"},{"@type":"ListItem","position":2,"name":"BURGGRAFENAMT"}]}]}},"_links":{"self":[{"href":"https:\/\/www.sssv.org\/17\/wp-json\/wp\/v2\/pages\/466"}],"collection":[{"href":"https:\/\/www.sssv.org\/17\/wp-json\/wp\/v2\/pages"}],"about":[{"href":"https:\/\/www.sssv.org\/17\/wp-json\/wp\/v2\/types\/page"}],"author":[{"embeddable":true,"href":"https:\/\/www.sssv.org\/17\/wp-json\/wp\/v2\/users\/1"}],"replies":[{"embeddable":true,"href":"https:\/\/www.sssv.org\/17\/wp-json\/wp\/v2\/comments?post=466"}],"version-history":[{"count":21,"href":"https:\/\/www.sssv.org\/17\/wp-json\/wp\/v2\/pages\/466\/revisions"}],"predecessor-version":[{"id":5484,"href":"https:\/\/www.sssv.org\/17\/wp-json\/wp\/v2\/pages\/466\/revisions\/5484"}],"wp:attachment":[{"href":"https:\/\/www.sssv.org\/17\/wp-json\/wp\/v2\/media?parent=466"}],"curies":[{"name":"wp","href":"https:\/\/api.w.org\/{rel}","templated":true}]}}