{"id":459,"date":"2021-12-21T08:00:17","date_gmt":"2021-12-21T07:00:17","guid":{"rendered":"http:\/\/www2.sssv.org\/17\/?page_id=459"},"modified":"2025-04-24T11:04:03","modified_gmt":"2025-04-24T09:04:03","slug":"ueberetsch-unterland","status":"publish","type":"page","link":"https:\/\/www.sssv.org\/17\/ueberetsch-unterland\/","title":{"rendered":"\u00dcBERETSCH UNTERLAND"},"content":{"rendered":"<p>[vc_row][vc_column width=&#8220;2\/3&#8243;][vc_column_text]<\/p>\n<h1>BEZIRK\u00a0\u00dcBERETSCH UNTERLAND<\/h1>\n<p>[\/vc_column_text][vc_separator color=&#8220;custom&#8220; border_width=&#8220;5&#8243; accent_color=&#8220;#fb0102&#8243;][vc_column_text]<\/p>\n<h2><span style=\"color: #000000;\"><strong><a style=\"color: #000000;\" href=\"mailto:wolfgang.dissertori@tiscali.it\">Franz Zublasing<\/a><\/strong><\/span><\/h2>\n<p><span style=\"color: #000000;\"><strong>Bezirksobersch\u00fctzenmeister<\/strong><br \/>\nMatschatscherstr. 14 \u2013 39057 Eppan<br \/>\n<\/span>[\/vc_column_text][vc_single_image image=&#8220;5356&#8243; img_size=&#8220;300x400px&#8220;][vc_separator color=&#8220;custom&#8220; border_width=&#8220;5&#8243; accent_color=&#8220;#fb0102&#8243;][vc_column_text]<\/p>\n<ol>\n<li><span style=\"color: #000000;\"><strong>Bezirkssch\u00fctzenmeister<\/strong> Moritz Gschnell <\/span><\/li>\n<li><span style=\"color: #000000;\"><strong>Bezirkssch\u00fctzenmeisterin<\/strong> Lisa Fumarola<br \/>\n<\/span><\/li>\n<\/ol>\n<p><span style=\"color: #000000;\"><strong>Mitglieder der Bezirksleitung:<\/strong> Sandra Bonara, <\/span><span style=\"color: #000000;\"><a style=\"color: #000000;\" href=\"mailto:e-zelger@rolmail.net\">Engelbert Zelger,\u00a0<\/a>Sonja Knoll<\/span><br \/>\n<span style=\"color: #000000;\"><strong>Bezirksschie\u00dfsportleiter Wettkampf:<\/strong> <a style=\"color: #000000;\" href=\"mailto:bezirkssl@gmail.com\">Norbert Gschnell<\/a><\/span><br \/>\n<span style=\"color: #000000;\"><strong>Bezirksschie\u00dfsportleiter Freischie\u00dfen:<\/strong> Klaus Zambaldi<br \/>\n<\/span><span style=\"color: #000000;\"><strong>Jugendleiter: <\/strong>Manuel Gamper<br \/>\n<\/span><span style=\"color: #000000;\"><strong>Kassierin: <\/strong><\/span><span style=\"color: #000000;\">Sonja Knoll<\/span><br \/>\n<span style=\"color: #000000;\"><strong>Schriftf\u00fchrerin:<\/strong> Tamara Bonora<\/span>[\/vc_column_text][vc_separator color=&#8220;custom&#8220; border_width=&#8220;5&#8243; accent_color=&#8220;#e29754&#8243;][vc_column_text]<\/p>\n<h2><span style=\"color: #000000;\"><strong>Erich Walter\u00a0<\/strong><\/span><\/h2>\n<p><span style=\"color: #000000;\"><b><span style=\"font-family: Arial;\">Bezirksehrenobersch\u00fctzenmeister<br \/>\n<\/span><\/b>39044 Neumarkt \u2013\u00a0Cavalesestra\u00dfe 5<\/span><br \/>\n<span style=\"color: #000000;\">Tel.\u00a0329\/0504964<\/span>[\/vc_column_text][vc_single_image image=&#8220;464&#8243; img_size=&#8220;300x400px&#8220;][vc_separator color=&#8220;custom&#8220; border_width=&#8220;5&#8243; accent_color=&#8220;#e29754&#8243;][vc_column_text]<\/p>\n<h3><span style=\"color: #000000;\"><a style=\"color: #000000;\" href=\"https:\/\/www.sportschuetzen-eppan.it\/index.php?lang=de\"><b><span style=\"font-family: Arial;\">SEKTION\u00a0EPPAN<\/span><\/b><\/a><\/span><\/h3>\n<p><span style=\"color: #000000;\"><strong>Obersch\u00fctzenmeister<\/strong> Franz Zublasing<\/span><br \/>\n<span style=\"color: #000000;\">39057 Eppan \u2013 Matschatscherstr. 14<\/span>[\/vc_column_text][vc_separator color=&#8220;custom&#8220; border_width=&#8220;5&#8243; accent_color=&#8220;#e29754&#8243;][vc_column_text]<\/p>\n<h3><b><span style=\"color: #000000; font-family: Arial;\">SEKTION KALTERN<\/span><\/b><\/h3>\n<p><strong>Obersch\u00fctzenmeisterin<\/strong> Sonja Knoll<br \/>\n39052 Kaltern Schie\u00dfstandweg 9<br \/>\nTelefon 327 784 66 64 Mail: info@shootck.it[\/vc_column_text][vc_separator color=&#8220;custom&#8220; border_width=&#8220;5&#8243; accent_color=&#8220;#e29754&#8243;][vc_column_text]<\/p>\n<h3><span style=\"color: #000000;\"><a style=\"color: #000000;\" href=\"https:\/\/www.sportschuetzen-auer.it\/wp\/\"><b><span style=\"font-family: Arial;\">SEKTION\u00a0AUER<\/span><\/b><\/a><\/span><\/h3>\n<p><span style=\"color: #000000;\"><strong>Obersch\u00fctzenmeister<\/strong> Peter Gruber<\/span><br \/>\n<span style=\"color: #000000;\">39040 Auer \u2013 Deflorianiweg 1a<\/span>[\/vc_column_text][vc_separator color=&#8220;custom&#8220; border_width=&#8220;5&#8243; accent_color=&#8220;#e29754&#8243;][vc_column_text]<\/p>\n<h3><b><span style=\"color: #000000; font-family: Arial;\">SEKTION TRAMIN<\/span><\/b><\/h3>\n<p><strong>Obersch\u00fctzenmeister<\/strong> <span style=\"color: #000000;\">Wolfgang Dissertori<\/span><br \/>\n39040 Tramin \u2013 Schie\u00dfstandweg 10 Tel. 340 548 4116[\/vc_column_text][vc_separator color=&#8220;custom&#8220; border_width=&#8220;5&#8243; accent_color=&#8220;#e29754&#8243;][vc_column_text]<\/p>\n<h3><b><span style=\"color: #000000; font-family: Arial;\">SEKTION NEUMARKT<\/span><\/b><\/h3>\n<p><strong>Obersch\u00fctzenmeister<\/strong> Franz Palaoro<br \/>\n39044 Neumarkt \u2013 Etschstr. 1[\/vc_column_text][vc_separator color=&#8220;custom&#8220; border_width=&#8220;5&#8243; accent_color=&#8220;#e29754&#8243;][vc_column_text]<\/p>\n<h3><b><span style=\"color: #000000; font-family: Arial;\">SEKTION KURTATSCH<\/span><\/b><\/h3>\n<p><strong>Obersch\u00fctzenmeister<\/strong> Manfred Pomella<br \/>\n39040 Kurtatsch \u2013\u00a0Schweigglplatz 1[\/vc_column_text][vc_separator color=&#8220;custom&#8220; border_width=&#8220;5&#8243; accent_color=&#8220;#e29754&#8243;][\/vc_column][\/vc_row][vc_row][vc_column][vc_column_text]<\/p>\n<p>[\/vc_column_text][\/vc_column][\/vc_row]<\/p>\n","protected":false},"excerpt":{"rendered":"<p>[vc_row][vc_column width=&#8220;2\/3&#8243;][vc_column_text] BEZIRK\u00a0\u00dcBERETSCH UNTERLAND [\/vc_column_text][vc_separator color=&#8220;custom&#8220; border_width=&#8220;5&#8243; accent_color=&#8220;#fb0102&#8243;][vc_column_text] Franz Zublasing Bezirksobersch\u00fctzenmeister Matschatscherstr. 14 \u2013 39057 Eppan [\/vc_column_text][vc_single_image image=&#8220;5356&#8243; img_size=&#8220;300x400px&#8220;][vc_separator color=&#8220;custom&#8220; border_width=&#8220;5&#8243; accent_color=&#8220;#fb0102&#8243;][vc_column_text] Bezirkssch\u00fctzenmeister Moritz Gschnell Bezirkssch\u00fctzenmeisterin Lisa Fumarola Mitglieder der Bezirksleitung: Sandra Bonara, Engelbert Zelger,\u00a0Sonja Knoll Bezirksschie\u00dfsportleiter Wettkampf: Norbert Gschnell Bezirksschie\u00dfsportleiter Freischie\u00dfen: Klaus Zambaldi Jugendleiter: Manuel Gamper Kassierin: Sonja Knoll Schriftf\u00fchrerin: Tamara Bonora[\/vc_column_text][vc_separator color=&#8220;custom&#8220; border_width=&#8220;5&#8243; [&hellip;]<\/p>\n","protected":false},"author":1,"featured_media":0,"parent":0,"menu_order":0,"comment_status":"closed","ping_status":"closed","template":"","meta":[],"yoast_head":"<!-- This site is optimized with the Yoast SEO plugin v17.8 - https:\/\/yoast.com\/wordpress\/plugins\/seo\/ -->\n<meta name=\"robots\" content=\"index, follow, max-snippet:-1, max-image-preview:large, max-video-preview:-1\" \/>\n<link rel=\"canonical\" href=\"https:\/\/www.sssv.org\/17\/ueberetsch-unterland\/\" \/>\n<meta property=\"og:locale\" content=\"de_DE\" \/>\n<meta property=\"og:type\" content=\"article\" \/>\n<meta property=\"og:title\" content=\"\u00dcBERETSCH UNTERLAND - SSSV\" \/>\n<meta property=\"og:description\" content=\"[vc_row][vc_column width=&#8220;2\/3&#8243;][vc_column_text] BEZIRK\u00a0\u00dcBERETSCH UNTERLAND [\/vc_column_text][vc_separator color=&#8220;custom&#8220; border_width=&#8220;5&#8243; accent_color=&#8220;#fb0102&#8243;][vc_column_text] Franz Zublasing Bezirksobersch\u00fctzenmeister Matschatscherstr. 14 \u2013 39057 Eppan [\/vc_column_text][vc_single_image image=&#8220;5356&#8243; img_size=&#8220;300x400px&#8220;][vc_separator color=&#8220;custom&#8220; border_width=&#8220;5&#8243; accent_color=&#8220;#fb0102&#8243;][vc_column_text] Bezirkssch\u00fctzenmeister Moritz Gschnell Bezirkssch\u00fctzenmeisterin Lisa Fumarola Mitglieder der Bezirksleitung: Sandra Bonara, Engelbert Zelger,\u00a0Sonja Knoll Bezirksschie\u00dfsportleiter Wettkampf: Norbert Gschnell Bezirksschie\u00dfsportleiter Freischie\u00dfen: Klaus Zambaldi Jugendleiter: Manuel Gamper Kassierin: Sonja Knoll Schriftf\u00fchrerin: Tamara Bonora[\/vc_column_text][vc_separator color=&#8220;custom&#8220; border_width=&#8220;5&#8243; [&hellip;]\" \/>\n<meta property=\"og:url\" content=\"https:\/\/www.sssv.org\/17\/ueberetsch-unterland\/\" \/>\n<meta property=\"og:site_name\" content=\"SSSV\" \/>\n<meta property=\"article:modified_time\" content=\"2025-04-24T09:04:03+00:00\" \/>\n<meta name=\"twitter:card\" content=\"summary_large_image\" \/>\n<meta name=\"twitter:label1\" content=\"Gesch\u00e4tzte Lesezeit\" \/>\n\t<meta name=\"twitter:data1\" content=\"1\u00a0Minute\" \/>\n<script type=\"application\/ld+json\" class=\"yoast-schema-graph\">{\"@context\":\"https:\/\/schema.org\",\"@graph\":[{\"@type\":\"WebSite\",\"@id\":\"https:\/\/www.sssv.org\/17\/#website\",\"url\":\"https:\/\/www.sssv.org\/17\/\",\"name\":\"SSSV\",\"description\":\"S\\u00fcdtiroler Sportsch\\u00fctzenverband\",\"potentialAction\":[{\"@type\":\"SearchAction\",\"target\":{\"@type\":\"EntryPoint\",\"urlTemplate\":\"https:\/\/www.sssv.org\/17\/?s={search_term_string}\"},\"query-input\":\"required name=search_term_string\"}],\"inLanguage\":\"de\"},{\"@type\":\"WebPage\",\"@id\":\"https:\/\/www.sssv.org\/17\/ueberetsch-unterland\/#webpage\",\"url\":\"https:\/\/www.sssv.org\/17\/ueberetsch-unterland\/\",\"name\":\"\\u00dcBERETSCH UNTERLAND - SSSV\",\"isPartOf\":{\"@id\":\"https:\/\/www.sssv.org\/17\/#website\"},\"datePublished\":\"2021-12-21T07:00:17+00:00\",\"dateModified\":\"2025-04-24T09:04:03+00:00\",\"breadcrumb\":{\"@id\":\"https:\/\/www.sssv.org\/17\/ueberetsch-unterland\/#breadcrumb\"},\"inLanguage\":\"de\",\"potentialAction\":[{\"@type\":\"ReadAction\",\"target\":[\"https:\/\/www.sssv.org\/17\/ueberetsch-unterland\/\"]}]},{\"@type\":\"BreadcrumbList\",\"@id\":\"https:\/\/www.sssv.org\/17\/ueberetsch-unterland\/#breadcrumb\",\"itemListElement\":[{\"@type\":\"ListItem\",\"position\":1,\"name\":\"Startseite\",\"item\":\"https:\/\/www.sssv.org\/17\/\"},{\"@type\":\"ListItem\",\"position\":2,\"name\":\"\\u00dcBERETSCH UNTERLAND\"}]}]}<\/script>\n<!-- \/ Yoast SEO plugin. -->","yoast_head_json":{"robots":{"index":"index","follow":"follow","max-snippet":"max-snippet:-1","max-image-preview":"max-image-preview:large","max-video-preview":"max-video-preview:-1"},"canonical":"https:\/\/www.sssv.org\/17\/ueberetsch-unterland\/","og_locale":"de_DE","og_type":"article","og_title":"\u00dcBERETSCH UNTERLAND - SSSV","og_description":"[vc_row][vc_column width=&#8220;2\/3&#8243;][vc_column_text] BEZIRK\u00a0\u00dcBERETSCH UNTERLAND [\/vc_column_text][vc_separator color=&#8220;custom&#8220; border_width=&#8220;5&#8243; accent_color=&#8220;#fb0102&#8243;][vc_column_text] Franz Zublasing Bezirksobersch\u00fctzenmeister Matschatscherstr. 14 \u2013 39057 Eppan [\/vc_column_text][vc_single_image image=&#8220;5356&#8243; img_size=&#8220;300x400px&#8220;][vc_separator color=&#8220;custom&#8220; border_width=&#8220;5&#8243; accent_color=&#8220;#fb0102&#8243;][vc_column_text] Bezirkssch\u00fctzenmeister Moritz Gschnell Bezirkssch\u00fctzenmeisterin Lisa Fumarola Mitglieder der Bezirksleitung: Sandra Bonara, Engelbert Zelger,\u00a0Sonja Knoll Bezirksschie\u00dfsportleiter Wettkampf: Norbert Gschnell Bezirksschie\u00dfsportleiter Freischie\u00dfen: Klaus Zambaldi Jugendleiter: Manuel Gamper Kassierin: Sonja Knoll Schriftf\u00fchrerin: Tamara Bonora[\/vc_column_text][vc_separator color=&#8220;custom&#8220; border_width=&#8220;5&#8243; [&hellip;]","og_url":"https:\/\/www.sssv.org\/17\/ueberetsch-unterland\/","og_site_name":"SSSV","article_modified_time":"2025-04-24T09:04:03+00:00","twitter_card":"summary_large_image","twitter_misc":{"Gesch\u00e4tzte Lesezeit":"1\u00a0Minute"},"schema":{"@context":"https:\/\/schema.org","@graph":[{"@type":"WebSite","@id":"https:\/\/www.sssv.org\/17\/#website","url":"https:\/\/www.sssv.org\/17\/","name":"SSSV","description":"S\u00fcdtiroler Sportsch\u00fctzenverband","potentialAction":[{"@type":"SearchAction","target":{"@type":"EntryPoint","urlTemplate":"https:\/\/www.sssv.org\/17\/?s={search_term_string}"},"query-input":"required name=search_term_string"}],"inLanguage":"de"},{"@type":"WebPage","@id":"https:\/\/www.sssv.org\/17\/ueberetsch-unterland\/#webpage","url":"https:\/\/www.sssv.org\/17\/ueberetsch-unterland\/","name":"\u00dcBERETSCH UNTERLAND - SSSV","isPartOf":{"@id":"https:\/\/www.sssv.org\/17\/#website"},"datePublished":"2021-12-21T07:00:17+00:00","dateModified":"2025-04-24T09:04:03+00:00","breadcrumb":{"@id":"https:\/\/www.sssv.org\/17\/ueberetsch-unterland\/#breadcrumb"},"inLanguage":"de","potentialAction":[{"@type":"ReadAction","target":["https:\/\/www.sssv.org\/17\/ueberetsch-unterland\/"]}]},{"@type":"BreadcrumbList","@id":"https:\/\/www.sssv.org\/17\/ueberetsch-unterland\/#breadcrumb","itemListElement":[{"@type":"ListItem","position":1,"name":"Startseite","item":"https:\/\/www.sssv.org\/17\/"},{"@type":"ListItem","position":2,"name":"\u00dcBERETSCH UNTERLAND"}]}]}},"_links":{"self":[{"href":"https:\/\/www.sssv.org\/17\/wp-json\/wp\/v2\/pages\/459"}],"collection":[{"href":"https:\/\/www.sssv.org\/17\/wp-json\/wp\/v2\/pages"}],"about":[{"href":"https:\/\/www.sssv.org\/17\/wp-json\/wp\/v2\/types\/page"}],"author":[{"embeddable":true,"href":"https:\/\/www.sssv.org\/17\/wp-json\/wp\/v2\/users\/1"}],"replies":[{"embeddable":true,"href":"https:\/\/www.sssv.org\/17\/wp-json\/wp\/v2\/comments?post=459"}],"version-history":[{"count":33,"href":"https:\/\/www.sssv.org\/17\/wp-json\/wp\/v2\/pages\/459\/revisions"}],"predecessor-version":[{"id":5388,"href":"https:\/\/www.sssv.org\/17\/wp-json\/wp\/v2\/pages\/459\/revisions\/5388"}],"wp:attachment":[{"href":"https:\/\/www.sssv.org\/17\/wp-json\/wp\/v2\/media?parent=459"}],"curies":[{"name":"wp","href":"https:\/\/api.w.org\/{rel}","templated":true}]}}