{"id":362,"date":"2017-03-16T01:31:30","date_gmt":"2017-03-16T00:31:30","guid":{"rendered":"http:\/\/www2.sssv.org\/17\/?page_id=362"},"modified":"2024-03-02T18:34:36","modified_gmt":"2024-03-02T17:34:36","slug":"links","status":"publish","type":"page","link":"https:\/\/www.sssv.org\/17\/links\/","title":{"rendered":"LINKS"},"content":{"rendered":"<p>[vc_row][vc_column width=&#8220;2\/3&#8243;][vc_column_text]<\/p>\n<h2 align=\"center\"><span style=\"color: #000000;\"><strong>Interessante Links rund um den Schie\u00dfsport:<\/strong><\/span><\/h2>\n<p align=\"center\"><span style=\"color: #000000;\"><strong>Verb\u00e4nde und Organisationen:<\/strong><\/span><\/p>\n<div align=\"center\">\n<table border=\"0\" width=\"460\" cellspacing=\"1\">\n<tbody>\n<tr style=\"height: 131px;\">\n<td style=\"height: 131px;\" align=\"center\" width=\"129\"><a href=\"http:\/\/www.uits.it\/\"><img loading=\"lazy\" class=\"alignnone wp-image-483\" src=\"http:\/\/www2.sssv.org\/17\/wp-content\/uploads\/2017\/03\/logo_uits.jpg\" alt=\"\" width=\"124\" height=\"124\" srcset=\"https:\/\/www.sssv.org\/17\/wp-content\/uploads\/2017\/03\/logo_uits.jpg 151w, https:\/\/www.sssv.org\/17\/wp-content\/uploads\/2017\/03\/logo_uits-150x150.jpg 150w\" sizes=\"(max-width: 124px) 100vw, 124px\" \/><\/a><\/td>\n<td style=\"height: 131px;\" align=\"center\" width=\"317\"><a href=\"http:\/\/www.uits.it\/\"><span style=\"color: #000000;\"><big><span style=\"color: #993300;\"><span style=\"color: #800000;\">UITS Rom<\/span><\/span><\/big><\/span><\/a><\/td>\n<\/tr>\n<tr style=\"height: 175px;\">\n<td style=\"height: 175px;\" align=\"center\" width=\"129\"><a href=\"https:\/\/www.dsb.de\/start\/\"><img loading=\"lazy\" class=\"alignnone wp-image-1964\" src=\"http:\/\/www2.sssv.org\/17\/wp-content\/uploads\/2018\/10\/DSB.jpg\" alt=\"\" width=\"168\" height=\"168\" srcset=\"https:\/\/www.sssv.org\/17\/wp-content\/uploads\/2018\/10\/DSB.jpg 225w, https:\/\/www.sssv.org\/17\/wp-content\/uploads\/2018\/10\/DSB-150x150.jpg 150w\" sizes=\"(max-width: 168px) 100vw, 168px\" \/><\/a><\/td>\n<td style=\"height: 175px;\" align=\"center\" width=\"317\"><span style=\"color: #000000;\"><big><a href=\"https:\/\/www.dsb.de\/start\/\"><span style=\"color: #993300;\"><span style=\"color: #800000;\">Deutscher Sportsch\u00fctzenverband<\/span><\/span><\/a><\/big><\/span><\/td>\n<\/tr>\n<tr style=\"height: 173px;\">\n<td style=\"height: 173px;\" align=\"center\" width=\"129\"><span style=\"color: #000000;\"><a style=\"color: #000000;\" href=\"https:\/\/www.bssb.de\/\" target=\"_blank\" rel=\"noopener noreferrer\"><big><img loading=\"lazy\" class=\"alignnone wp-image-1963\" src=\"http:\/\/www2.sssv.org\/17\/wp-content\/uploads\/2018\/10\/logo-bssb.jpg\" alt=\"\" width=\"132\" height=\"166\" \/><\/big><\/a><\/span><\/td>\n<td style=\"height: 173px;\" align=\"center\" width=\"317\"><span style=\"color: #000000;\"><span style=\"color: #800000;\"><a style=\"color: #800000;\" href=\"https:\/\/www.bssb.de\/\" target=\"_blank\" rel=\"noopener noreferrer\"><big>Bayerischer<\/big><\/a><\/span><a style=\"color: #000000;\" href=\"https:\/\/www.bssb.de\/\" target=\"_blank\" rel=\"noopener noreferrer\"><big><span style=\"color: #800000;\">er Sportsch\u00fctzenbund<\/span><\/big><\/a><\/span><\/td>\n<\/tr>\n<tr style=\"height: 125px;\">\n<td style=\"height: 125px;\" align=\"center\" width=\"129\"><span style=\"color: #000000;\"><big><a style=\"color: #000000;\" href=\"http:\/\/www.swissshooting.ch\/desktopdefault.aspx\/tabid-85\/\" target=\"_blank\" rel=\"noopener noreferrer\"><img loading=\"lazy\" class=\"alignnone wp-image-1965\" src=\"http:\/\/www2.sssv.org\/17\/wp-content\/uploads\/2018\/10\/schweiz.jpg\" alt=\"\" width=\"116\" height=\"119\" \/><\/a><\/big><\/span><\/td>\n<td style=\"height: 125px;\" align=\"center\" width=\"317\"><a href=\"http:\/\/www.swissshooting.ch\/desktopdefault.aspx\/tabid-85\/\"><span style=\"color: #000000;\"><big><span style=\"color: #800000;\">Schweizer Sportsch\u00fctzenverband<\/span><\/big><\/span><\/a><\/td>\n<\/tr>\n<tr style=\"height: 134px;\">\n<td style=\"height: 134px;\" align=\"center\" width=\"129\"><a href=\"http:\/\/www.schuetzenbund.at\/oesb\/\" target=\"_blank\" rel=\"noopener noreferrer\"><img loading=\"lazy\" class=\"alignnone wp-image-1959\" src=\"http:\/\/www2.sssv.org\/17\/wp-content\/uploads\/2018\/10\/04-OESB-Logo.bmp\" alt=\"\" width=\"125\" height=\"128\" \/><\/a><\/td>\n<td style=\"height: 134px;\" align=\"center\" width=\"317\"><span style=\"color: #000000;\"><big><a href=\"http:\/\/www.schuetzenbund.at\/oesb\/\"><span style=\"color: #800000;\">\u00d6sterreichischer Sch\u00fctzenbund<\/span><\/a><\/big><\/span><\/td>\n<\/tr>\n<tr style=\"height: 163px;\">\n<td style=\"height: 163px;\" align=\"center\" width=\"129\"><a href=\"https:\/\/www.tlsb.at\/\" target=\"_blank\" rel=\"noopener noreferrer\"><img loading=\"lazy\" class=\"alignnone wp-image-1961\" src=\"http:\/\/www2.sssv.org\/17\/wp-content\/uploads\/2018\/10\/Logo-Tirol.jpg\" alt=\"\" width=\"121\" height=\"156\" \/><\/a><\/td>\n<td style=\"height: 163px;\" align=\"center\" width=\"317\"><span style=\"color: #800000;\"><big><a style=\"color: #800000;\" href=\"https:\/\/www.tlsb.at\/\" target=\"_blank\" rel=\"noopener noreferrer\">Tiroler Landessch\u00fctzenbund<\/a><\/big><\/span><\/td>\n<\/tr>\n<tr style=\"height: 182px;\">\n<td style=\"height: 182px;\" align=\"center\" width=\"129\"><a href=\"https:\/\/www.issf-sports.org\" target=\"_blank\" rel=\"noopener noreferrer\"><img loading=\"lazy\" class=\"alignnone wp-image-1960\" src=\"http:\/\/www2.sssv.org\/17\/wp-content\/uploads\/2018\/10\/ISSF-233x300.jpg\" alt=\"\" width=\"136\" height=\"175\" srcset=\"https:\/\/www.sssv.org\/17\/wp-content\/uploads\/2018\/10\/ISSF-233x300.jpg 233w, https:\/\/www.sssv.org\/17\/wp-content\/uploads\/2018\/10\/ISSF.jpg 248w\" sizes=\"(max-width: 136px) 100vw, 136px\" \/><\/a><\/td>\n<td style=\"height: 182px;\" align=\"center\" width=\"317\"><span style=\"color: #000000;\"><big><a style=\"color: #000000;\" href=\"https:\/\/www.issf-sports.org\" target=\"_blank\" rel=\"noopener noreferrer\"><span style=\"color: #800000;\">Internationale Sch\u00fctzenunion (ISSF)<\/span><\/a><\/big><\/span><\/td>\n<\/tr>\n<tr style=\"height: 147px;\">\n<td style=\"height: 147px;\" align=\"center\" width=\"129\"><a href=\"http:\/\/www.esc-shooting.org\/\" target=\"_blank\" rel=\"noopener noreferrer\"><img loading=\"lazy\" class=\"alignnone wp-image-1966\" src=\"http:\/\/www2.sssv.org\/17\/wp-content\/uploads\/2018\/10\/esc.jpg\" alt=\"\" width=\"140\" height=\"140\" srcset=\"https:\/\/www.sssv.org\/17\/wp-content\/uploads\/2018\/10\/esc.jpg 225w, https:\/\/www.sssv.org\/17\/wp-content\/uploads\/2018\/10\/esc-150x150.jpg 150w\" sizes=\"(max-width: 140px) 100vw, 140px\" \/><\/a><\/td>\n<td style=\"height: 147px;\" align=\"center\" width=\"317\"><span style=\"color: #000000;\"><big><a href=\"http:\/\/www.esc-shooting.org\/\"><span style=\"color: #800000;\">Europ\u00e4ischer Sportsch\u00fctzenverband<\/span><\/a><\/big><\/span><\/td>\n<\/tr>\n<tr style=\"height: 96px;\">\n<td style=\"height: 96px;\" align=\"center\" width=\"129\"><\/td>\n<td style=\"height: 96px;\" align=\"center\" width=\"317\"><span style=\"color: #000000;\"><span style=\"color: #800000;\"><a style=\"color: #800000;\" href=\"http:\/\/www.vss.bz.it\/sportprogramme\/sportschiessen\/allgemeine-informationen\/\"><big>Verband S\u00fcdtiroler Sportverein<br \/>\n<\/big><\/a><\/span><big><a href=\"http:\/\/www.vss.bz.it\/sportprogramme\/sportschiessen\/allgemeine-informationen\/\"><span style=\"color: #800000;\">Referat Sportschie\u00dfen<\/span><\/a><\/big><\/span><\/td>\n<\/tr>\n<\/tbody>\n<\/table>\n<p><span style=\"color: #000000;\">\u00a0<\/span><\/p>\n<\/div>\n<p align=\"center\"><span style=\"color: #000000;\"><a style=\"color: #000000;\" name=\"gunlinks\"><\/a><strong>Liste mit Suchfunktion zu \u00fcber 1850 Links rund ums Schie\u00dfen:<\/strong><\/span><\/p>\n<div align=\"center\">\n<table style=\"width: 100%; height: 112px;\" border=\"1\" width=\"650\" cellspacing=\"1\">\n<tbody>\n<tr style=\"height: 83px;\">\n<td style=\"height: 40px;\" align=\"center\" width=\"100%\"><span style=\"color: #ff0000; font-size: 12pt;\"><strong>Gesetze und Bestimmungen:<\/strong><\/span><\/td>\n<\/tr>\n<tr style=\"height: 140px;\">\n<td style=\"height: 72px;\" align=\"center\" width=\"100%\"><span style=\"color: #000000;\"><a href=\"http:\/\/www.sssv.org\/17\/wp-content\/uploads\/2020\/09\/Gesetz-2001-Luftdruckwaffen.pdf\"><span style=\"color: #000000;\">Gesetz 2001 Luftdruckwaffen unter 7,5 Joule<\/span><\/a><br \/>\n<\/span><span style=\"color: #000000;\"><a href=\"http:\/\/www.sssv.org\/17\/wp-content\/uploads\/2020\/09\/Gesetz-2001-Luftdruckwaffen-Erkl\u00e4rung-D.pdf\"><span style=\"color: #000000;\">Gesetz 2001 Luftdruckwaffen (deutscher Kurztext)<\/span><\/a><br \/>\n<\/span><span style=\"color: #000000;\"><a style=\"color: #000000;\" href=\"https:\/\/questure.poliziadistato.it\/it\/Bolzano\/articolo\/5730de599c325669084540\">Questur Bozen Amt f\u00fcr Waffen Vorlagen Gesuche<\/a><\/span><\/td>\n<\/tr>\n<\/tbody>\n<\/table>\n<\/div>\n<div align=\"center\">\n<table style=\"width: 96.8391%; height: 88px;\" border=\"0\" width=\"651\" cellspacing=\"1\">\n<tbody>\n<tr style=\"height: 166px;\">\n<td style=\"width: 1.43678%; height: 88px;\" width=\"268\"><\/td>\n<td style=\"width: 94.8276%; height: 88px;\" width=\"367\">\n<p align=\"center\"><strong><span style=\"color: #ff0000; font-size: 12pt;\">Auswertprogramme:<\/span><\/strong><\/p>\n<p align=\"center\"><span style=\"color: #000000;\"><a style=\"color: #000000;\" href=\"https:\/\/www.shotsoft.de\/\" target=\"_blank\" rel=\"noopener noreferrer\">Shot Soft ( Rika )<\/a> \u00a0 \u00a0 \u00a0 <\/span><span style=\"color: #000000;\"><a style=\"color: #000000;\" href=\"https:\/\/www.disag.de\/\" target=\"_blank\" rel=\"noopener noreferrer\">Disag<\/a>\u00a0<a style=\"color: #000000;\" href=\"mailto:berndsport@aol.com\" target=\"_blank\" rel=\"noopener noreferrer\">(mail info)<\/a> \u00a0 \u00a0\u00a0 <\/span><span style=\"color: #000000;\"><a style=\"color: #000000;\" href=\"https:\/\/www.schuetzen.winternet.biz\/\" target=\"_blank\" rel=\"noopener noreferrer\">Quick Shot ( Michael Winter )<\/a><\/span><\/p>\n<\/td>\n<\/tr>\n<\/tbody>\n<\/table>\n<p><span style=\"color: #000000;\">W\u00fcnschen Sie eine gegenseitige Verlinkung mit dieser Homepage, so senden Sie einfach eine\u00a0<a style=\"color: #000000;\" href=\"mailto:info@sssv,org\" target=\"_blank\" rel=\"noopener noreferrer\">Mail<\/a>\u00a0mit Ihrer Domainadresse, nat\u00fcrlich zum Nulltarif!<\/span><\/p>\n<\/div>\n<p align=\"center\"><span style=\"color: #000000;\">Wenn Sie eine interessante Internetseite rund um den Schie\u00dfsport kennen oder finden, lassen Sie uns die Adresse \u00fcber eine\u00a0<a style=\"color: #000000;\" href=\"mailto:www.sssv.org\">E-Mail<\/a>\u00a0zukommen, wir werden dieselbe oben Auflisten und somit allen Besuchern unserer Homepage zug\u00e4nglich machen. Danke<\/span><\/p>\n<p align=\"center\"><span style=\"color: #000000;\">F\u00fcr den moralischen, politischen und \u00f6konomischen Inhalt der verlinkten Internetseiten wird keine Haftung \u00fcbernommen.<\/span><\/p>\n<p>[\/vc_column_text][vc_separator color=&#8220;custom&#8220; border_width=&#8220;5&#8243; accent_color=&#8220;#e29754&#8243;][\/vc_column][\/vc_row][vc_row][vc_column][vc_column_text]<\/p>\n<p>[\/vc_column_text][\/vc_column][\/vc_row]<\/p>\n","protected":false},"excerpt":{"rendered":"<p>[vc_row][vc_column width=&#8220;2\/3&#8243;][vc_column_text] Interessante Links rund um den Schie\u00dfsport: Verb\u00e4nde und Organisationen: UITS Rom Deutscher Sportsch\u00fctzenverband Bayerischerer Sportsch\u00fctzenbund Schweizer Sportsch\u00fctzenverband \u00d6sterreichischer Sch\u00fctzenbund Tiroler Landessch\u00fctzenbund Internationale Sch\u00fctzenunion (ISSF) Europ\u00e4ischer Sportsch\u00fctzenverband Verband S\u00fcdtiroler Sportverein Referat Sportschie\u00dfen \u00a0 Liste mit Suchfunktion zu \u00fcber 1850 Links rund ums Schie\u00dfen: Gesetze und Bestimmungen: Gesetz 2001 Luftdruckwaffen unter 7,5 Joule Gesetz 2001 [&hellip;]<\/p>\n","protected":false},"author":1,"featured_media":0,"parent":0,"menu_order":0,"comment_status":"closed","ping_status":"closed","template":"","meta":[],"yoast_head":"<!-- This site is optimized with the Yoast SEO plugin v17.8 - https:\/\/yoast.com\/wordpress\/plugins\/seo\/ -->\n<meta name=\"robots\" content=\"index, follow, max-snippet:-1, max-image-preview:large, max-video-preview:-1\" \/>\n<link rel=\"canonical\" href=\"https:\/\/www.sssv.org\/17\/links\/\" \/>\n<meta property=\"og:locale\" content=\"de_DE\" \/>\n<meta property=\"og:type\" content=\"article\" \/>\n<meta property=\"og:title\" content=\"LINKS - SSSV\" \/>\n<meta property=\"og:description\" content=\"[vc_row][vc_column width=&#8220;2\/3&#8243;][vc_column_text] Interessante Links rund um den Schie\u00dfsport: Verb\u00e4nde und Organisationen: UITS Rom Deutscher Sportsch\u00fctzenverband Bayerischerer Sportsch\u00fctzenbund Schweizer Sportsch\u00fctzenverband \u00d6sterreichischer Sch\u00fctzenbund Tiroler Landessch\u00fctzenbund Internationale Sch\u00fctzenunion (ISSF) Europ\u00e4ischer Sportsch\u00fctzenverband Verband S\u00fcdtiroler Sportverein Referat Sportschie\u00dfen \u00a0 Liste mit Suchfunktion zu \u00fcber 1850 Links rund ums Schie\u00dfen: Gesetze und Bestimmungen: Gesetz 2001 Luftdruckwaffen unter 7,5 Joule Gesetz 2001 [&hellip;]\" \/>\n<meta property=\"og:url\" content=\"https:\/\/www.sssv.org\/17\/links\/\" \/>\n<meta property=\"og:site_name\" content=\"SSSV\" \/>\n<meta property=\"article:modified_time\" content=\"2024-03-02T17:34:36+00:00\" \/>\n<meta property=\"og:image\" content=\"http:\/\/www2.sssv.org\/17\/wp-content\/uploads\/2017\/03\/logo_uits.jpg\" \/>\n<meta name=\"twitter:card\" content=\"summary_large_image\" \/>\n<meta name=\"twitter:label1\" content=\"Gesch\u00e4tzte Lesezeit\" \/>\n\t<meta name=\"twitter:data1\" content=\"1\u00a0Minute\" \/>\n<script type=\"application\/ld+json\" class=\"yoast-schema-graph\">{\"@context\":\"https:\/\/schema.org\",\"@graph\":[{\"@type\":\"WebSite\",\"@id\":\"https:\/\/www.sssv.org\/17\/#website\",\"url\":\"https:\/\/www.sssv.org\/17\/\",\"name\":\"SSSV\",\"description\":\"S\\u00fcdtiroler Sportsch\\u00fctzenverband\",\"potentialAction\":[{\"@type\":\"SearchAction\",\"target\":{\"@type\":\"EntryPoint\",\"urlTemplate\":\"https:\/\/www.sssv.org\/17\/?s={search_term_string}\"},\"query-input\":\"required name=search_term_string\"}],\"inLanguage\":\"de\"},{\"@type\":\"ImageObject\",\"@id\":\"https:\/\/www.sssv.org\/17\/links\/#primaryimage\",\"inLanguage\":\"de\",\"url\":\"http:\/\/www2.sssv.org\/17\/wp-content\/uploads\/2017\/03\/logo_uits.jpg\",\"contentUrl\":\"http:\/\/www2.sssv.org\/17\/wp-content\/uploads\/2017\/03\/logo_uits.jpg\"},{\"@type\":\"WebPage\",\"@id\":\"https:\/\/www.sssv.org\/17\/links\/#webpage\",\"url\":\"https:\/\/www.sssv.org\/17\/links\/\",\"name\":\"LINKS - SSSV\",\"isPartOf\":{\"@id\":\"https:\/\/www.sssv.org\/17\/#website\"},\"primaryImageOfPage\":{\"@id\":\"https:\/\/www.sssv.org\/17\/links\/#primaryimage\"},\"datePublished\":\"2017-03-16T00:31:30+00:00\",\"dateModified\":\"2024-03-02T17:34:36+00:00\",\"breadcrumb\":{\"@id\":\"https:\/\/www.sssv.org\/17\/links\/#breadcrumb\"},\"inLanguage\":\"de\",\"potentialAction\":[{\"@type\":\"ReadAction\",\"target\":[\"https:\/\/www.sssv.org\/17\/links\/\"]}]},{\"@type\":\"BreadcrumbList\",\"@id\":\"https:\/\/www.sssv.org\/17\/links\/#breadcrumb\",\"itemListElement\":[{\"@type\":\"ListItem\",\"position\":1,\"name\":\"Startseite\",\"item\":\"https:\/\/www.sssv.org\/17\/\"},{\"@type\":\"ListItem\",\"position\":2,\"name\":\"LINKS\"}]}]}<\/script>\n<!-- \/ Yoast SEO plugin. -->","yoast_head_json":{"robots":{"index":"index","follow":"follow","max-snippet":"max-snippet:-1","max-image-preview":"max-image-preview:large","max-video-preview":"max-video-preview:-1"},"canonical":"https:\/\/www.sssv.org\/17\/links\/","og_locale":"de_DE","og_type":"article","og_title":"LINKS - SSSV","og_description":"[vc_row][vc_column width=&#8220;2\/3&#8243;][vc_column_text] Interessante Links rund um den Schie\u00dfsport: Verb\u00e4nde und Organisationen: UITS Rom Deutscher Sportsch\u00fctzenverband Bayerischerer Sportsch\u00fctzenbund Schweizer Sportsch\u00fctzenverband \u00d6sterreichischer Sch\u00fctzenbund Tiroler Landessch\u00fctzenbund Internationale Sch\u00fctzenunion (ISSF) Europ\u00e4ischer Sportsch\u00fctzenverband Verband S\u00fcdtiroler Sportverein Referat Sportschie\u00dfen \u00a0 Liste mit Suchfunktion zu \u00fcber 1850 Links rund ums Schie\u00dfen: Gesetze und Bestimmungen: Gesetz 2001 Luftdruckwaffen unter 7,5 Joule Gesetz 2001 [&hellip;]","og_url":"https:\/\/www.sssv.org\/17\/links\/","og_site_name":"SSSV","article_modified_time":"2024-03-02T17:34:36+00:00","og_image":[{"url":"http:\/\/www2.sssv.org\/17\/wp-content\/uploads\/2017\/03\/logo_uits.jpg"}],"twitter_card":"summary_large_image","twitter_misc":{"Gesch\u00e4tzte Lesezeit":"1\u00a0Minute"},"schema":{"@context":"https:\/\/schema.org","@graph":[{"@type":"WebSite","@id":"https:\/\/www.sssv.org\/17\/#website","url":"https:\/\/www.sssv.org\/17\/","name":"SSSV","description":"S\u00fcdtiroler Sportsch\u00fctzenverband","potentialAction":[{"@type":"SearchAction","target":{"@type":"EntryPoint","urlTemplate":"https:\/\/www.sssv.org\/17\/?s={search_term_string}"},"query-input":"required name=search_term_string"}],"inLanguage":"de"},{"@type":"ImageObject","@id":"https:\/\/www.sssv.org\/17\/links\/#primaryimage","inLanguage":"de","url":"http:\/\/www2.sssv.org\/17\/wp-content\/uploads\/2017\/03\/logo_uits.jpg","contentUrl":"http:\/\/www2.sssv.org\/17\/wp-content\/uploads\/2017\/03\/logo_uits.jpg"},{"@type":"WebPage","@id":"https:\/\/www.sssv.org\/17\/links\/#webpage","url":"https:\/\/www.sssv.org\/17\/links\/","name":"LINKS - SSSV","isPartOf":{"@id":"https:\/\/www.sssv.org\/17\/#website"},"primaryImageOfPage":{"@id":"https:\/\/www.sssv.org\/17\/links\/#primaryimage"},"datePublished":"2017-03-16T00:31:30+00:00","dateModified":"2024-03-02T17:34:36+00:00","breadcrumb":{"@id":"https:\/\/www.sssv.org\/17\/links\/#breadcrumb"},"inLanguage":"de","potentialAction":[{"@type":"ReadAction","target":["https:\/\/www.sssv.org\/17\/links\/"]}]},{"@type":"BreadcrumbList","@id":"https:\/\/www.sssv.org\/17\/links\/#breadcrumb","itemListElement":[{"@type":"ListItem","position":1,"name":"Startseite","item":"https:\/\/www.sssv.org\/17\/"},{"@type":"ListItem","position":2,"name":"LINKS"}]}]}},"_links":{"self":[{"href":"https:\/\/www.sssv.org\/17\/wp-json\/wp\/v2\/pages\/362"}],"collection":[{"href":"https:\/\/www.sssv.org\/17\/wp-json\/wp\/v2\/pages"}],"about":[{"href":"https:\/\/www.sssv.org\/17\/wp-json\/wp\/v2\/types\/page"}],"author":[{"embeddable":true,"href":"https:\/\/www.sssv.org\/17\/wp-json\/wp\/v2\/users\/1"}],"replies":[{"embeddable":true,"href":"https:\/\/www.sssv.org\/17\/wp-json\/wp\/v2\/comments?post=362"}],"version-history":[{"count":34,"href":"https:\/\/www.sssv.org\/17\/wp-json\/wp\/v2\/pages\/362\/revisions"}],"predecessor-version":[{"id":4864,"href":"https:\/\/www.sssv.org\/17\/wp-json\/wp\/v2\/pages\/362\/revisions\/4864"}],"wp:attachment":[{"href":"https:\/\/www.sssv.org\/17\/wp-json\/wp\/v2\/media?parent=362"}],"curies":[{"name":"wp","href":"https:\/\/api.w.org\/{rel}","templated":true}]}}