{"id":348,"date":"2026-03-13T01:27:40","date_gmt":"2026-03-13T00:27:40","guid":{"rendered":"http:\/\/www2.sssv.org\/17\/?page_id=348"},"modified":"2026-03-13T18:26:01","modified_gmt":"2026-03-13T17:26:01","slug":"tradition","status":"publish","type":"page","link":"https:\/\/www.sssv.org\/17\/tradition\/","title":{"rendered":"TRADITION"},"content":{"rendered":"<p>[vc_row][vc_column width=&#8220;2\/3&#8243;][vc_column_text]<\/p>\n<h2 style=\"text-align: left;\" align=\"center\"><span style=\"color: #000000;\"><strong>Arbeitsgruppe f\u00fcr Tradition:<\/strong><\/span><\/h2>\n<div align=\"center\">\n<div align=\"center\">\n<table border=\"0\" width=\"60%\" cellspacing=\"1\">\n<tbody>\n<tr>\n<td width=\"57%\">\n<p align=\"center\"><span style=\"color: #000000;\"><strong>Landesschie\u00dfsportleiter:<\/strong><\/span><br \/>\n<span style=\"color: #000000;\"><a style=\"color: #000000;\" href=\"mailto:valentin.g@alice.it\">Valentin Gr\u00fcner<\/a><\/span><\/p>\n<p align=\"center\"><span style=\"color: #000000;\">39020 Schnals\u00a0\u2013\u00a0Unser Frau 104<\/span><br \/>\n<span style=\"color: #000000;\">Tel. 339\/6918507<\/span><\/p>\n<\/td>\n<td align=\"center\" width=\"43%\"><img loading=\"lazy\" class=\"alignnone wp-image-4067 size-medium\" src=\"https:\/\/www.sssv.org\/17\/wp-content\/uploads\/2022\/05\/gruener-web-2-236x300.jpg\" alt=\"\" width=\"236\" height=\"300\" srcset=\"https:\/\/www.sssv.org\/17\/wp-content\/uploads\/2022\/05\/gruener-web-2-236x300.jpg 236w, https:\/\/www.sssv.org\/17\/wp-content\/uploads\/2022\/05\/gruener-web-2-330x420.jpg 330w, https:\/\/www.sssv.org\/17\/wp-content\/uploads\/2022\/05\/gruener-web-2.jpg 460w\" sizes=\"(max-width: 236px) 100vw, 236px\" \/><\/td>\n<\/tr>\n<tr>\n<td width=\"57%\"><span style=\"color: #000000;\"><strong>BSSL Vinschgau:<\/strong><\/span><\/td>\n<td align=\"center\" width=\"43%\"><span style=\"color: #000000;\">Kurt Platzgummer<\/span><\/td>\n<\/tr>\n<tr>\n<td width=\"57%\"><span style=\"color: #000000;\"><strong>BSSL Bozen:<\/strong><\/span><\/td>\n<td align=\"center\" width=\"43%\"><span style=\"color: #000000;\">Hubert Mittermaier<\/span><\/td>\n<\/tr>\n<tr>\n<td width=\"57%\"><span style=\"color: #000000;\"><strong>BSSL \u00dcberetsch\/Unterland:<\/strong><\/span><\/td>\n<td align=\"center\" width=\"43%\"><span style=\"color: #000000;\">Klaus Zambaldi<\/span><\/td>\n<\/tr>\n<tr>\n<td width=\"57%\"><span style=\"color: #000000;\"><strong>BSSL Eisacktal\/Pustertal:<\/strong><\/span><\/td>\n<td align=\"center\" width=\"43%\"><span style=\"color: #000000;\">Urban Zingerle<\/span><\/td>\n<\/tr>\n<tr>\n<td width=\"57%\"><span style=\"color: #000000;\"><strong>BSSL Burggrafenamt:<\/strong><\/span><\/td>\n<td align=\"center\" width=\"43%\"><span style=\"color: #000000;\">Reinhard Fauner<\/span><\/td>\n<\/tr>\n<\/tbody>\n<\/table>\n<\/div>\n<div align=\"center\">\n<table style=\"width: 100%; height: 130px;\" border=\"0\" width=\"75%\" cellspacing=\"1\">\n<tbody>\n<tr style=\"height: 130px;\">\n<td style=\"height: 130px;\" width=\"100%\"><span style=\"color: #000000;\">Diese Arbeitsgruppe befasst sich mit den Nachtr\u00e4gen und \u00c4nderungen der Wettkampfregeln f\u00fcr Freischie\u00dfen. Ihr unterliegt die Anpassung der Ringe f\u00fcr die Vergabe der Leistungsabzeichen und Eicheln. Jede \u00c4nderung wird von der Verbandsleitung genehmigt. Eventuelle Info, Vorschl\u00e4ge u.s.w beim Landesschie\u00dfsportleiter Valentin Gr\u00fcner (Tel. 339\/6918507).<\/span><\/td>\n<\/tr>\n<\/tbody>\n<\/table>\n<\/div>\n<\/div>\n<p style=\"text-align: center;\"><span style=\"color: #ff0000;\"><br \/>\n<strong><a href=\"https:\/\/www.sssv.org\/17\/wp-content\/uploads\/2024\/11\/Bestimmungen-Freischiessen-Oktober-2024.pdf\"><span style=\"color: #ff0000;\">Bestimmungen Freischie\u00dfen Stand Oktober 2024<\/span><\/a><\/strong><\/span><\/p>\n<p style=\"text-align: center;\"><span style=\"color: #ff0000;\">Leistungsabzeichen und Eicheln f\u00fcr die Sch\u00fctzenschnur<\/span><\/p>\n<table style=\"border-collapse: collapse; width: 89.3678%; height: 130px;\">\n<tbody>\n<tr style=\"height: 130px;\">\n<td style=\"width: 41.9079%; height: 130px; text-align: left;\">Die Leistungsabzeichen werden bei Erreichen der Mindestringzahlen bei Freischie\u00dfen direkt von der austra-genden Gilde vergeben.<\/td>\n<td style=\"width: 47.2701%; height: 130px;\"><img loading=\"lazy\" class=\"alignnone size-medium wp-image-5852\" src=\"https:\/\/www.sssv.org\/17\/wp-content\/uploads\/2026\/03\/Abzeichen-300x142.jpg\" alt=\"\" width=\"300\" height=\"142\" srcset=\"https:\/\/www.sssv.org\/17\/wp-content\/uploads\/2026\/03\/Abzeichen-300x142.jpg 300w, https:\/\/www.sssv.org\/17\/wp-content\/uploads\/2026\/03\/Abzeichen-1024x483.jpg 1024w, https:\/\/www.sssv.org\/17\/wp-content\/uploads\/2026\/03\/Abzeichen-768x362.jpg 768w, https:\/\/www.sssv.org\/17\/wp-content\/uploads\/2026\/03\/Abzeichen-640x302.jpg 640w, https:\/\/www.sssv.org\/17\/wp-content\/uploads\/2026\/03\/Abzeichen-696x328.jpg 696w, https:\/\/www.sssv.org\/17\/wp-content\/uploads\/2026\/03\/Abzeichen-890x420.jpg 890w, https:\/\/www.sssv.org\/17\/wp-content\/uploads\/2026\/03\/Abzeichen.jpg 1043w\" sizes=\"(max-width: 300px) 100vw, 300px\" \/><\/td>\n<\/tr>\n<\/tbody>\n<\/table>\n<p style=\"text-align: center;\">Ringzahl f\u00fcr die Erlangung eines Leistungsabzeichen: <span style=\"color: #ff0000;\"><br \/>\n<a style=\"color: #ff0000;\" href=\"https:\/\/www.sssv.org\/17\/wp-content\/uploads\/2026\/03\/Ringzahlen-Leistungsabzeichen-LG-LP-Zehntelwertung-Februar-2026-neu.pdf\">LG LP Zehntelwertung<\/a>\u00a0 \u00a0 \u00a0 \u00a0 \u00a0 <a style=\"color: #ff0000;\" href=\"https:\/\/www.sssv.org\/17\/wp-content\/uploads\/2026\/03\/Ringzahlen-Leistungsabzeichen-KK-Februar-2026.pdf\">Kleinkaliber<\/a>\u00a0 \u00a0 \u00a0 \u00a0 \u00a0 <a style=\"color: #ff0000;\" href=\"https:\/\/www.sssv.org\/17\/wp-content\/uploads\/2026\/03\/Ringzahlen-Leistungsabzeichen-KK-Zehntelwertung-Februar-2026-neu.pdf\">Kleinkaliber\u00a0 Zehntelwertung<\/a><br \/>\n<\/span><\/p>\n<table style=\"border-collapse: collapse; width: 100%; height: 10px;\">\n<tbody>\n<tr style=\"height: 30px;\">\n<td style=\"width: 27.0115%; height: 10px;\"><img loading=\"lazy\" class=\"wp-image-5848 aligncenter\" src=\"https:\/\/www.sssv.org\/17\/wp-content\/uploads\/2026\/03\/Eicheln-278x300.jpg\" alt=\"\" width=\"135\" height=\"146\" srcset=\"https:\/\/www.sssv.org\/17\/wp-content\/uploads\/2026\/03\/Eicheln-278x300.jpg 278w, https:\/\/www.sssv.org\/17\/wp-content\/uploads\/2026\/03\/Eicheln-389x420.jpg 389w, https:\/\/www.sssv.org\/17\/wp-content\/uploads\/2026\/03\/Eicheln.jpg 618w\" sizes=\"(max-width: 135px) 100vw, 135px\" \/><\/td>\n<td style=\"width: 72.9885%; height: 10px;\">Die gr\u00fcnen Eicheln werden bei Erreichen der Mindestringzahlen direkt von der Gilde ausgegeben, die silbernen Eichel bekommt man bei einer Bezirksversammlung und die goldenen Eicheln werden bei der Landesversammlung feierlich \u00fcbergeben.<\/td>\n<\/tr>\n<\/tbody>\n<\/table>\n<p style=\"text-align: center;\">Ringzahl f\u00fcr die Erlangung der Eicheln: <span style=\"color: #ff0000;\"><br \/>\n<a style=\"color: #ff0000;\" href=\"https:\/\/www.sssv.org\/17\/wp-content\/uploads\/2026\/03\/Ringzahlen-Eicheln-LG-LP-Zehntelwertung-Februar-2026-neu.pdf\">LG LP Zehntelwertung<\/a>\u00a0 \u00a0 \u00a0 \u00a0 \u00a0 <a style=\"color: #ff0000;\" href=\"https:\/\/www.sssv.org\/17\/wp-content\/uploads\/2026\/03\/Ringzahlen-Eicheln-KK-Februar-2026-neu.pdf\">Kleinkaliber<\/a>\u00a0 \u00a0 \u00a0 \u00a0 \u00a0 <a style=\"color: #ff0000;\" href=\"https:\/\/www.sssv.org\/17\/wp-content\/uploads\/2026\/03\/Ringzahlen-Eicheln-KK-Zehntelwertung-Februar-2026-neu.pdf\">Kleinkaliber Zehntelwertung<\/a>\u00a0<\/span><\/p>\n<p>[\/vc_column_text][vc_separator color=&#8220;custom&#8220; border_width=&#8220;5&#8243; accent_color=&#8220;#e29754&#8243;][\/vc_column][\/vc_row][vc_row][vc_column][vc_column_text]<\/p>\n<p>[\/vc_column_text][\/vc_column][\/vc_row]<\/p>\n","protected":false},"excerpt":{"rendered":"<p>[vc_row][vc_column width=&#8220;2\/3&#8243;][vc_column_text] Arbeitsgruppe f\u00fcr Tradition: Landesschie\u00dfsportleiter: Valentin Gr\u00fcner 39020 Schnals\u00a0\u2013\u00a0Unser Frau 104 Tel. 339\/6918507 BSSL Vinschgau: Kurt Platzgummer BSSL Bozen: Hubert Mittermaier BSSL \u00dcberetsch\/Unterland: Klaus Zambaldi BSSL Eisacktal\/Pustertal: Urban Zingerle BSSL Burggrafenamt: Reinhard Fauner Diese Arbeitsgruppe befasst sich mit den Nachtr\u00e4gen und \u00c4nderungen der Wettkampfregeln f\u00fcr Freischie\u00dfen. Ihr unterliegt die Anpassung der Ringe f\u00fcr die [&hellip;]<\/p>\n","protected":false},"author":1,"featured_media":0,"parent":0,"menu_order":0,"comment_status":"closed","ping_status":"closed","template":"","meta":[],"yoast_head":"<!-- This site is optimized with the Yoast SEO plugin v17.8 - https:\/\/yoast.com\/wordpress\/plugins\/seo\/ -->\n<meta name=\"robots\" content=\"index, follow, max-snippet:-1, max-image-preview:large, max-video-preview:-1\" \/>\n<link rel=\"canonical\" href=\"https:\/\/www.sssv.org\/17\/tradition\/\" \/>\n<meta property=\"og:locale\" content=\"de_DE\" \/>\n<meta property=\"og:type\" content=\"article\" \/>\n<meta property=\"og:title\" content=\"TRADITION - SSSV\" \/>\n<meta property=\"og:description\" content=\"[vc_row][vc_column width=&#8220;2\/3&#8243;][vc_column_text] Arbeitsgruppe f\u00fcr Tradition: Landesschie\u00dfsportleiter: Valentin Gr\u00fcner 39020 Schnals\u00a0\u2013\u00a0Unser Frau 104 Tel. 339\/6918507 BSSL Vinschgau: Kurt Platzgummer BSSL Bozen: Hubert Mittermaier BSSL \u00dcberetsch\/Unterland: Klaus Zambaldi BSSL Eisacktal\/Pustertal: Urban Zingerle BSSL Burggrafenamt: Reinhard Fauner Diese Arbeitsgruppe befasst sich mit den Nachtr\u00e4gen und \u00c4nderungen der Wettkampfregeln f\u00fcr Freischie\u00dfen. Ihr unterliegt die Anpassung der Ringe f\u00fcr die [&hellip;]\" \/>\n<meta property=\"og:url\" content=\"https:\/\/www.sssv.org\/17\/tradition\/\" \/>\n<meta property=\"og:site_name\" content=\"SSSV\" \/>\n<meta property=\"article:modified_time\" content=\"2026-03-13T17:26:01+00:00\" \/>\n<meta property=\"og:image\" content=\"https:\/\/www.sssv.org\/17\/wp-content\/uploads\/2022\/05\/gruener-web-2-236x300.jpg\" \/>\n<meta name=\"twitter:card\" content=\"summary_large_image\" \/>\n<meta name=\"twitter:label1\" content=\"Gesch\u00e4tzte Lesezeit\" \/>\n\t<meta name=\"twitter:data1\" content=\"1\u00a0Minute\" \/>\n<script type=\"application\/ld+json\" class=\"yoast-schema-graph\">{\"@context\":\"https:\/\/schema.org\",\"@graph\":[{\"@type\":\"WebSite\",\"@id\":\"https:\/\/www.sssv.org\/17\/#website\",\"url\":\"https:\/\/www.sssv.org\/17\/\",\"name\":\"SSSV\",\"description\":\"S\\u00fcdtiroler Sportsch\\u00fctzenverband\",\"potentialAction\":[{\"@type\":\"SearchAction\",\"target\":{\"@type\":\"EntryPoint\",\"urlTemplate\":\"https:\/\/www.sssv.org\/17\/?s={search_term_string}\"},\"query-input\":\"required name=search_term_string\"}],\"inLanguage\":\"de\"},{\"@type\":\"ImageObject\",\"@id\":\"https:\/\/www.sssv.org\/17\/tradition\/#primaryimage\",\"inLanguage\":\"de\",\"url\":\"https:\/\/www.sssv.org\/17\/wp-content\/uploads\/2022\/05\/gruener-web-2.jpg\",\"contentUrl\":\"https:\/\/www.sssv.org\/17\/wp-content\/uploads\/2022\/05\/gruener-web-2.jpg\",\"width\":460,\"height\":585},{\"@type\":\"WebPage\",\"@id\":\"https:\/\/www.sssv.org\/17\/tradition\/#webpage\",\"url\":\"https:\/\/www.sssv.org\/17\/tradition\/\",\"name\":\"TRADITION - SSSV\",\"isPartOf\":{\"@id\":\"https:\/\/www.sssv.org\/17\/#website\"},\"primaryImageOfPage\":{\"@id\":\"https:\/\/www.sssv.org\/17\/tradition\/#primaryimage\"},\"datePublished\":\"2026-03-13T00:27:40+00:00\",\"dateModified\":\"2026-03-13T17:26:01+00:00\",\"breadcrumb\":{\"@id\":\"https:\/\/www.sssv.org\/17\/tradition\/#breadcrumb\"},\"inLanguage\":\"de\",\"potentialAction\":[{\"@type\":\"ReadAction\",\"target\":[\"https:\/\/www.sssv.org\/17\/tradition\/\"]}]},{\"@type\":\"BreadcrumbList\",\"@id\":\"https:\/\/www.sssv.org\/17\/tradition\/#breadcrumb\",\"itemListElement\":[{\"@type\":\"ListItem\",\"position\":1,\"name\":\"Startseite\",\"item\":\"https:\/\/www.sssv.org\/17\/\"},{\"@type\":\"ListItem\",\"position\":2,\"name\":\"TRADITION\"}]}]}<\/script>\n<!-- \/ Yoast SEO plugin. -->","yoast_head_json":{"robots":{"index":"index","follow":"follow","max-snippet":"max-snippet:-1","max-image-preview":"max-image-preview:large","max-video-preview":"max-video-preview:-1"},"canonical":"https:\/\/www.sssv.org\/17\/tradition\/","og_locale":"de_DE","og_type":"article","og_title":"TRADITION - SSSV","og_description":"[vc_row][vc_column width=&#8220;2\/3&#8243;][vc_column_text] Arbeitsgruppe f\u00fcr Tradition: Landesschie\u00dfsportleiter: Valentin Gr\u00fcner 39020 Schnals\u00a0\u2013\u00a0Unser Frau 104 Tel. 339\/6918507 BSSL Vinschgau: Kurt Platzgummer BSSL Bozen: Hubert Mittermaier BSSL \u00dcberetsch\/Unterland: Klaus Zambaldi BSSL Eisacktal\/Pustertal: Urban Zingerle BSSL Burggrafenamt: Reinhard Fauner Diese Arbeitsgruppe befasst sich mit den Nachtr\u00e4gen und \u00c4nderungen der Wettkampfregeln f\u00fcr Freischie\u00dfen. Ihr unterliegt die Anpassung der Ringe f\u00fcr die [&hellip;]","og_url":"https:\/\/www.sssv.org\/17\/tradition\/","og_site_name":"SSSV","article_modified_time":"2026-03-13T17:26:01+00:00","og_image":[{"url":"https:\/\/www.sssv.org\/17\/wp-content\/uploads\/2022\/05\/gruener-web-2-236x300.jpg"}],"twitter_card":"summary_large_image","twitter_misc":{"Gesch\u00e4tzte Lesezeit":"1\u00a0Minute"},"schema":{"@context":"https:\/\/schema.org","@graph":[{"@type":"WebSite","@id":"https:\/\/www.sssv.org\/17\/#website","url":"https:\/\/www.sssv.org\/17\/","name":"SSSV","description":"S\u00fcdtiroler Sportsch\u00fctzenverband","potentialAction":[{"@type":"SearchAction","target":{"@type":"EntryPoint","urlTemplate":"https:\/\/www.sssv.org\/17\/?s={search_term_string}"},"query-input":"required name=search_term_string"}],"inLanguage":"de"},{"@type":"ImageObject","@id":"https:\/\/www.sssv.org\/17\/tradition\/#primaryimage","inLanguage":"de","url":"https:\/\/www.sssv.org\/17\/wp-content\/uploads\/2022\/05\/gruener-web-2.jpg","contentUrl":"https:\/\/www.sssv.org\/17\/wp-content\/uploads\/2022\/05\/gruener-web-2.jpg","width":460,"height":585},{"@type":"WebPage","@id":"https:\/\/www.sssv.org\/17\/tradition\/#webpage","url":"https:\/\/www.sssv.org\/17\/tradition\/","name":"TRADITION - SSSV","isPartOf":{"@id":"https:\/\/www.sssv.org\/17\/#website"},"primaryImageOfPage":{"@id":"https:\/\/www.sssv.org\/17\/tradition\/#primaryimage"},"datePublished":"2026-03-13T00:27:40+00:00","dateModified":"2026-03-13T17:26:01+00:00","breadcrumb":{"@id":"https:\/\/www.sssv.org\/17\/tradition\/#breadcrumb"},"inLanguage":"de","potentialAction":[{"@type":"ReadAction","target":["https:\/\/www.sssv.org\/17\/tradition\/"]}]},{"@type":"BreadcrumbList","@id":"https:\/\/www.sssv.org\/17\/tradition\/#breadcrumb","itemListElement":[{"@type":"ListItem","position":1,"name":"Startseite","item":"https:\/\/www.sssv.org\/17\/"},{"@type":"ListItem","position":2,"name":"TRADITION"}]}]}},"_links":{"self":[{"href":"https:\/\/www.sssv.org\/17\/wp-json\/wp\/v2\/pages\/348"}],"collection":[{"href":"https:\/\/www.sssv.org\/17\/wp-json\/wp\/v2\/pages"}],"about":[{"href":"https:\/\/www.sssv.org\/17\/wp-json\/wp\/v2\/types\/page"}],"author":[{"embeddable":true,"href":"https:\/\/www.sssv.org\/17\/wp-json\/wp\/v2\/users\/1"}],"replies":[{"embeddable":true,"href":"https:\/\/www.sssv.org\/17\/wp-json\/wp\/v2\/comments?post=348"}],"version-history":[{"count":34,"href":"https:\/\/www.sssv.org\/17\/wp-json\/wp\/v2\/pages\/348\/revisions"}],"predecessor-version":[{"id":5849,"href":"https:\/\/www.sssv.org\/17\/wp-json\/wp\/v2\/pages\/348\/revisions\/5849"}],"wp:attachment":[{"href":"https:\/\/www.sssv.org\/17\/wp-json\/wp\/v2\/media?parent=348"}],"curies":[{"name":"wp","href":"https:\/\/api.w.org\/{rel}","templated":true}]}}