{"id":1052,"date":"2017-12-04T15:49:11","date_gmt":"2017-12-04T14:49:11","guid":{"rendered":"http:\/\/www2.sssv.org\/17\/?page_id=1052"},"modified":"2026-03-27T16:38:38","modified_gmt":"2026-03-27T15:38:38","slug":"ausschreibungen","status":"publish","type":"page","link":"https:\/\/www.sssv.org\/17\/ausschreibungen\/","title":{"rendered":"AUSSCHREIBUNGEN"},"content":{"rendered":"<p>[vc_row][vc_column width=&#8220;2\/3&#8243;][vc_column_text]<\/p>\n<h1><strong>Auschreibungen<\/strong><span style=\"font-size: 12pt; color: #ff0000;\"><span style=\"font-family: arial, helvetica, sans-serif;\"><br \/>\n<span style=\"color: #ff0000; font-family: verdana, geneva, sans-serif;\"><a style=\"color: #ff0000;\" href=\"https:\/\/www.sssv.org\/17\/wp-content\/uploads\/2025\/10\/Rundenwettkampfordnung-2025-2026.pdf\">Rundenwettkampfordnung 2025 2026<\/a><\/span><\/span><\/span><\/h1>\n<p><span style=\"font-size: 12pt; font-family: verdana, geneva, sans-serif; color: #ff0000;\"><span style=\"font-size: 14pt;\"><span style=\"font-size: 12pt;\"><a style=\"color: #ff0000;\" href=\"https:\/\/www.sssv.org\/17\/wp-content\/uploads\/2025\/10\/Einzelwettbewerbe-2026..pdf\">Einzelwettbewerbe Ausschreibung 2026<\/a> <\/span><\/span><\/span><\/p>\n<p><span style=\"font-size: 12pt; font-family: verdana, geneva, sans-serif;\"><span style=\"color: #ff0000; font-size: 14pt;\"><a style=\"color: #ff0000;\" href=\"http:\/\/www.sssv.org\/17\/wp-content\/uploads\/2019\/03\/Schie\u00dfregeln-stehend-aufgelegt-2019-1.pdf\"><span style=\"font-size: 12pt;\"><span style=\"font-size: 14pt;\"><span style=\"font-size: 12pt;\">Schie\u00dfregeln stehend aufgelegt<\/span><\/span><\/span><\/a><\/span><\/span><\/p>\n<h1><strong>Ladschreiben<\/strong><\/h1>\n<p><span style=\"color: #ff0000;\"><span style=\"color: #000000;\">3. bis 25. J\u00e4nner Freischie\u00dfen LG\/LP\u00a0 <\/span><a href=\"https:\/\/www.sssv.org\/17\/wp-content\/uploads\/2025\/12\/Ladschreiben-2026-web.pdf\"><span style=\"color: #ff0000;\">3- K\u00f6nigsschie\u00dfen Schlanders\/Kortsch<\/span><\/a>\u00a0<\/span><\/p>\n<p><span style=\"color: #ff0000;\"><span style=\"color: #000000;\">14. bis 22. Februar Freischie\u00dfen LG\/LP\u00a0 <span style=\"color: #ff0000;\"><a style=\"color: #ff0000;\" href=\"https:\/\/www.sssv.org\/17\/wp-content\/uploads\/2026\/01\/Andreas-Hofer-Schiessen-2026.pdf\">Andreas Hofer &#8211; Schiessen 2026 St. Martin Passeier<\/a>\u00a0<\/span><\/span><\/span><\/p>\n<p>28.2. bis 15.3. 2026 Freischie\u00dfen LG\/LP: \u00a0<span style=\"color: #ff0000;\"><a style=\"color: #ff0000;\" href=\"https:\/\/www.sssv.org\/17\/wp-content\/uploads\/2026\/01\/Josefischiessen-SK-Latzfons-2026.pdf\">Josefischie\u00dfen Latzfons 2026<\/a><\/span>[\/vc_column_text][\/vc_column][vc_column width=&#8220;1\/3&#8243;][vc_column_text]<\/p>\n<h1><span style=\"color: #000000;\"><strong>INFO<\/strong><\/span><\/h1>\n<p><span style=\"color: #000000;\"><strong>S\u00fcdtiroler Sportsch\u00fctzenverband<\/strong><\/span><br \/>\n<span style=\"color: #000000;\">39100 Bozen \u2013 Drususstra\u00dfe 67<\/span><br \/>\n<span style=\"color: #000000;\">Tel. +39 0471 280093<\/span><\/p>\n<p><span style=\"color: #000000;\">Mail: <a style=\"color: #000000;\" href=\"mailto:info@sssv.org\">info@sssv.org<\/a><br \/>\nPec-Adresse: sssv@pec.it<br \/>\nWeb: <a style=\"color: #000000;\" href=\"https:\/\/www.sssv.org\">www.sssv.org<\/a><\/span><\/p>\n<h5><span style=\"color: #000000;\">Steuernummer: 80 016 800 213<\/span><\/h5>\n<h5><span style=\"color: #000000;\">Eingetragen im Volontariatsverzeichnis mit<\/span><br \/>\n<span style=\"color: #000000;\">Dekret Nr. 215\/1.1 vom 21.6.1996<\/span><\/h5>\n<h5><span style=\"color: #000000; font-size: 10pt;\">Kontoverbindung: S\u00fcdtiroler Sparkasse Filiale Eppan<\/span><br \/>\n<span style=\"color: #000000; font-size: 10pt;\">IBAN: IT42 O 060 4558 1600 0000 0590 000<\/span><br \/>\n<span style=\"color: #000000; font-size: 10pt;\">BIC: CR BZ IT 2B 010<\/span><\/h5>\n<p>[\/vc_column_text][\/vc_column][\/vc_row]<\/p>\n","protected":false},"excerpt":{"rendered":"<p>[vc_row][vc_column width=&#8220;2\/3&#8243;][vc_column_text] Auschreibungen Rundenwettkampfordnung 2025 2026 Einzelwettbewerbe Ausschreibung 2026 Schie\u00dfregeln stehend aufgelegt Ladschreiben 3. bis 25. J\u00e4nner Freischie\u00dfen LG\/LP\u00a0 3- K\u00f6nigsschie\u00dfen Schlanders\/Kortsch\u00a0 14. bis 22. Februar Freischie\u00dfen LG\/LP\u00a0 Andreas Hofer &#8211; Schiessen 2026 St. Martin Passeier\u00a0 28.2. bis 15.3. 2026 Freischie\u00dfen LG\/LP: \u00a0Josefischie\u00dfen Latzfons 2026[\/vc_column_text][\/vc_column][vc_column width=&#8220;1\/3&#8243;][vc_column_text] INFO S\u00fcdtiroler Sportsch\u00fctzenverband 39100 Bozen \u2013 Drususstra\u00dfe 67 Tel. [&hellip;]<\/p>\n","protected":false},"author":1,"featured_media":0,"parent":0,"menu_order":0,"comment_status":"closed","ping_status":"closed","template":"","meta":[],"yoast_head":"<!-- This site is optimized with the Yoast SEO plugin v17.8 - https:\/\/yoast.com\/wordpress\/plugins\/seo\/ -->\n<meta name=\"robots\" content=\"index, follow, max-snippet:-1, max-image-preview:large, max-video-preview:-1\" \/>\n<link rel=\"canonical\" href=\"https:\/\/www.sssv.org\/17\/ausschreibungen\/\" \/>\n<meta property=\"og:locale\" content=\"de_DE\" \/>\n<meta property=\"og:type\" content=\"article\" \/>\n<meta property=\"og:title\" content=\"AUSSCHREIBUNGEN - SSSV\" \/>\n<meta property=\"og:description\" content=\"[vc_row][vc_column width=&#8220;2\/3&#8243;][vc_column_text] Auschreibungen Rundenwettkampfordnung 2025 2026 Einzelwettbewerbe Ausschreibung 2026 Schie\u00dfregeln stehend aufgelegt Ladschreiben 3. bis 25. J\u00e4nner Freischie\u00dfen LG\/LP\u00a0 3- K\u00f6nigsschie\u00dfen Schlanders\/Kortsch\u00a0 14. bis 22. Februar Freischie\u00dfen LG\/LP\u00a0 Andreas Hofer &#8211; Schiessen 2026 St. Martin Passeier\u00a0 28.2. bis 15.3. 2026 Freischie\u00dfen LG\/LP: \u00a0Josefischie\u00dfen Latzfons 2026[\/vc_column_text][\/vc_column][vc_column width=&#8220;1\/3&#8243;][vc_column_text] INFO S\u00fcdtiroler Sportsch\u00fctzenverband 39100 Bozen \u2013 Drususstra\u00dfe 67 Tel. [&hellip;]\" \/>\n<meta property=\"og:url\" content=\"https:\/\/www.sssv.org\/17\/ausschreibungen\/\" \/>\n<meta property=\"og:site_name\" content=\"SSSV\" \/>\n<meta property=\"article:modified_time\" content=\"2026-03-27T15:38:38+00:00\" \/>\n<meta name=\"twitter:card\" content=\"summary_large_image\" \/>\n<meta name=\"twitter:label1\" content=\"Gesch\u00e4tzte Lesezeit\" \/>\n\t<meta name=\"twitter:data1\" content=\"1\u00a0Minute\" \/>\n<script type=\"application\/ld+json\" class=\"yoast-schema-graph\">{\"@context\":\"https:\/\/schema.org\",\"@graph\":[{\"@type\":\"WebSite\",\"@id\":\"https:\/\/www.sssv.org\/17\/#website\",\"url\":\"https:\/\/www.sssv.org\/17\/\",\"name\":\"SSSV\",\"description\":\"S\\u00fcdtiroler Sportsch\\u00fctzenverband\",\"potentialAction\":[{\"@type\":\"SearchAction\",\"target\":{\"@type\":\"EntryPoint\",\"urlTemplate\":\"https:\/\/www.sssv.org\/17\/?s={search_term_string}\"},\"query-input\":\"required name=search_term_string\"}],\"inLanguage\":\"de\"},{\"@type\":\"WebPage\",\"@id\":\"https:\/\/www.sssv.org\/17\/ausschreibungen\/#webpage\",\"url\":\"https:\/\/www.sssv.org\/17\/ausschreibungen\/\",\"name\":\"AUSSCHREIBUNGEN - SSSV\",\"isPartOf\":{\"@id\":\"https:\/\/www.sssv.org\/17\/#website\"},\"datePublished\":\"2017-12-04T14:49:11+00:00\",\"dateModified\":\"2026-03-27T15:38:38+00:00\",\"breadcrumb\":{\"@id\":\"https:\/\/www.sssv.org\/17\/ausschreibungen\/#breadcrumb\"},\"inLanguage\":\"de\",\"potentialAction\":[{\"@type\":\"ReadAction\",\"target\":[\"https:\/\/www.sssv.org\/17\/ausschreibungen\/\"]}]},{\"@type\":\"BreadcrumbList\",\"@id\":\"https:\/\/www.sssv.org\/17\/ausschreibungen\/#breadcrumb\",\"itemListElement\":[{\"@type\":\"ListItem\",\"position\":1,\"name\":\"Startseite\",\"item\":\"https:\/\/www.sssv.org\/17\/\"},{\"@type\":\"ListItem\",\"position\":2,\"name\":\"AUSSCHREIBUNGEN\"}]}]}<\/script>\n<!-- \/ Yoast SEO plugin. -->","yoast_head_json":{"robots":{"index":"index","follow":"follow","max-snippet":"max-snippet:-1","max-image-preview":"max-image-preview:large","max-video-preview":"max-video-preview:-1"},"canonical":"https:\/\/www.sssv.org\/17\/ausschreibungen\/","og_locale":"de_DE","og_type":"article","og_title":"AUSSCHREIBUNGEN - SSSV","og_description":"[vc_row][vc_column width=&#8220;2\/3&#8243;][vc_column_text] Auschreibungen Rundenwettkampfordnung 2025 2026 Einzelwettbewerbe Ausschreibung 2026 Schie\u00dfregeln stehend aufgelegt Ladschreiben 3. bis 25. J\u00e4nner Freischie\u00dfen LG\/LP\u00a0 3- K\u00f6nigsschie\u00dfen Schlanders\/Kortsch\u00a0 14. bis 22. Februar Freischie\u00dfen LG\/LP\u00a0 Andreas Hofer &#8211; Schiessen 2026 St. Martin Passeier\u00a0 28.2. bis 15.3. 2026 Freischie\u00dfen LG\/LP: \u00a0Josefischie\u00dfen Latzfons 2026[\/vc_column_text][\/vc_column][vc_column width=&#8220;1\/3&#8243;][vc_column_text] INFO S\u00fcdtiroler Sportsch\u00fctzenverband 39100 Bozen \u2013 Drususstra\u00dfe 67 Tel. [&hellip;]","og_url":"https:\/\/www.sssv.org\/17\/ausschreibungen\/","og_site_name":"SSSV","article_modified_time":"2026-03-27T15:38:38+00:00","twitter_card":"summary_large_image","twitter_misc":{"Gesch\u00e4tzte Lesezeit":"1\u00a0Minute"},"schema":{"@context":"https:\/\/schema.org","@graph":[{"@type":"WebSite","@id":"https:\/\/www.sssv.org\/17\/#website","url":"https:\/\/www.sssv.org\/17\/","name":"SSSV","description":"S\u00fcdtiroler Sportsch\u00fctzenverband","potentialAction":[{"@type":"SearchAction","target":{"@type":"EntryPoint","urlTemplate":"https:\/\/www.sssv.org\/17\/?s={search_term_string}"},"query-input":"required name=search_term_string"}],"inLanguage":"de"},{"@type":"WebPage","@id":"https:\/\/www.sssv.org\/17\/ausschreibungen\/#webpage","url":"https:\/\/www.sssv.org\/17\/ausschreibungen\/","name":"AUSSCHREIBUNGEN - SSSV","isPartOf":{"@id":"https:\/\/www.sssv.org\/17\/#website"},"datePublished":"2017-12-04T14:49:11+00:00","dateModified":"2026-03-27T15:38:38+00:00","breadcrumb":{"@id":"https:\/\/www.sssv.org\/17\/ausschreibungen\/#breadcrumb"},"inLanguage":"de","potentialAction":[{"@type":"ReadAction","target":["https:\/\/www.sssv.org\/17\/ausschreibungen\/"]}]},{"@type":"BreadcrumbList","@id":"https:\/\/www.sssv.org\/17\/ausschreibungen\/#breadcrumb","itemListElement":[{"@type":"ListItem","position":1,"name":"Startseite","item":"https:\/\/www.sssv.org\/17\/"},{"@type":"ListItem","position":2,"name":"AUSSCHREIBUNGEN"}]}]}},"_links":{"self":[{"href":"https:\/\/www.sssv.org\/17\/wp-json\/wp\/v2\/pages\/1052"}],"collection":[{"href":"https:\/\/www.sssv.org\/17\/wp-json\/wp\/v2\/pages"}],"about":[{"href":"https:\/\/www.sssv.org\/17\/wp-json\/wp\/v2\/types\/page"}],"author":[{"embeddable":true,"href":"https:\/\/www.sssv.org\/17\/wp-json\/wp\/v2\/users\/1"}],"replies":[{"embeddable":true,"href":"https:\/\/www.sssv.org\/17\/wp-json\/wp\/v2\/comments?post=1052"}],"version-history":[{"count":45,"href":"https:\/\/www.sssv.org\/17\/wp-json\/wp\/v2\/pages\/1052\/revisions"}],"predecessor-version":[{"id":5862,"href":"https:\/\/www.sssv.org\/17\/wp-json\/wp\/v2\/pages\/1052\/revisions\/5862"}],"wp:attachment":[{"href":"https:\/\/www.sssv.org\/17\/wp-json\/wp\/v2\/media?parent=1052"}],"curies":[{"name":"wp","href":"https:\/\/api.w.org\/{rel}","templated":true}]}}