{"id":1027,"date":"2017-12-04T15:19:19","date_gmt":"2017-12-04T14:19:19","guid":{"rendered":"http:\/\/www2.sssv.org\/17\/?page_id=1027"},"modified":"2025-02-16T19:18:24","modified_gmt":"2025-02-16T18:18:24","slug":"jugend","status":"publish","type":"page","link":"https:\/\/www.sssv.org\/17\/jugend\/","title":{"rendered":"JUGEND"},"content":{"rendered":"<p>[vc_row][vc_column width=&#8220;2\/3&#8243;][vc_column_text]<\/p>\n<h1><strong>JUGEND<\/strong><\/h1>\n<p>[\/vc_column_text][vc_separator color=&#8220;custom&#8220; border_width=&#8220;5&#8243; accent_color=&#8220;#fb0102&#8243;][vc_column_text]<\/p>\n<div align=\"center\">\n<p>&nbsp;<\/p>\n<table border=\"0\" width=\"90%\" cellspacing=\"1\">\n<tbody>\n<tr>\n<td width=\"99%\" height=\"202\">\n<h2 style=\"text-align: left;\" align=\"center\"><span style=\"color: #000000;\"><strong>S\u00fcdtiroler Sportsch\u00fctzenjugend\u00a0<\/strong><\/span><\/h2>\n<p style=\"text-align: left;\" align=\"center\"><span style=\"color: #000000;\">Die <strong>Statuten<\/strong> des S\u00fcdtiroler Sportsch\u00fctzenverbandes wurden vor einigen Jahren in einigen Punkten abge\u00e4ndert. Eine wesentliche Neuerung dabei war die Regelung der Jugendarbeit. Diese Neustrukturierung konnte auch in der Praxis umgesetzt werden. Vorgesehen ist hiermit in jeder Gilde ein Jugendleiter, der auf Vereinsebene die Koordinierung s\u00e4mtlicher Aktivit\u00e4ten, wie Training, Kurse und Wettk\u00e4mpfe der Jugendlichen von 10 bis 20 Jahren \u00fcber hat. Aus den Reihen all dieser Jugendleiter ist f\u00fcr jeden Bezirk ein Bezirksjugendleiter ernannt worden. Diese von den jeweiligen Bezirksleitungen Ernannten bilden zusammen mit dem Landesjugendleiter eine Arbeitsgruppe:<\/span><\/p>\n<\/td>\n<\/tr>\n<\/tbody>\n<\/table>\n<\/div>\n<div align=\"center\">\n<table border=\"0\" width=\"50%\" cellspacing=\"1\">\n<tbody>\n<tr style=\"height: 30px;\">\n<td style=\"height: 30px;\" align=\"center\" width=\"55%\"><span style=\"color: #000000;\"><strong>Landesjugendleiter:<\/strong><\/span><\/p>\n<p><span style=\"color: #000000;\"><a style=\"color: #000000;\" href=\"mailto:kilian09@hotmail.de\"><span style=\"font-size: 12pt;\">Kilian Gr\u00fcner<\/span><\/a><\/span><\/p>\n<p>Tel. 331 291 8750<\/td>\n<td style=\"height: 30px;\" align=\"center\" width=\"45%\"><a style=\"color: #000000;\" href=\"mailto:kilian09@hotmail.de\"><span style=\"color: #000000;\"><strong><img loading=\"lazy\" class=\"alignnone wp-image-4198\" src=\"https:\/\/www.sssv.org\/17\/wp-content\/uploads\/2022\/10\/Gruener-Kilian-L-J-L-219x300.jpg\" alt=\"\" width=\"177\" height=\"242\" srcset=\"https:\/\/www.sssv.org\/17\/wp-content\/uploads\/2022\/10\/Gruener-Kilian-L-J-L-219x300.jpg 219w, https:\/\/www.sssv.org\/17\/wp-content\/uploads\/2022\/10\/Gruener-Kilian-L-J-L-307x420.jpg 307w, https:\/\/www.sssv.org\/17\/wp-content\/uploads\/2022\/10\/Gruener-Kilian-L-J-L.jpg 392w\" sizes=\"(max-width: 177px) 100vw, 177px\" \/><\/strong><\/span><\/a><\/td>\n<\/tr>\n<tr style=\"height: 1px;\">\n<td style=\"height: 1px;\" colspan=\"2\" align=\"center\" width=\"100%\"><span style=\"color: #000000;\"><strong>Bezirksjugendleiter:<\/strong><\/span><\/td>\n<\/tr>\n<tr style=\"height: 15px;\">\n<td style=\"height: 15px;\" align=\"center\" width=\"55%\"><span style=\"color: #000000;\"><strong>Bezirk Vinschgau<\/strong><\/span><\/td>\n<td style=\"height: 15px;\" align=\"center\" width=\"45%\"><span style=\"color: #000000;\">\u00a0<a style=\"color: #000000;\" href=\"mailto:kilian09@hotmail.de\">Kilian Gr\u00fcner<\/a><\/span><\/td>\n<\/tr>\n<tr style=\"height: 17px;\">\n<td style=\"height: 17px;\" align=\"center\" width=\"55%\"><span style=\"color: #000000;\"><strong>Bezirk \u00dcberetsch Unterland<\/strong><\/span><\/td>\n<td style=\"height: 17px;\" align=\"center\" width=\"45%\">Manuel Gamper<\/td>\n<\/tr>\n<tr style=\"height: 12px;\">\n<td style=\"height: 12px;\" align=\"center\" width=\"55%\"><span style=\"color: #000000;\"><strong>Bezirk Eisacktal\/Pustertal<\/strong><\/span><\/td>\n<td style=\"height: 12px;\" align=\"center\" width=\"45%\">Helmuth Messner<\/td>\n<\/tr>\n<tr style=\"height: 2px;\">\n<td style=\"height: 2px;\" align=\"center\" width=\"55%\"><span style=\"color: #000000;\"><strong>Bezirk Burggrafenamt<\/strong><\/span><\/td>\n<td style=\"height: 2px;\" align=\"center\" width=\"45%\"><span style=\"color: #000000;\"><a style=\"color: #000000;\" href=\"mailto:manfred.kofler@hotmail.com\" target=\"_blank\" rel=\"noopener noreferrer\">Manfred Kofler<\/a><\/span><\/td>\n<\/tr>\n<tr style=\"height: 1px;\">\n<td style=\"height: 1px;\" align=\"center\" width=\"55%\"><span style=\"color: #000000;\"><strong>Bezirk Bozen<\/strong><\/span><\/td>\n<td style=\"height: 1px;\" align=\"center\" width=\"45%\"><span style=\"color: #000000;\"><a style=\"color: #000000;\" href=\"mailto:christine.pfeifer@brennercom.net\" target=\"_blank\" rel=\"noopener noreferrer\">Karlheinz F\u00e4ckl<\/a><\/span><\/td>\n<\/tr>\n<\/tbody>\n<\/table>\n<p><span style=\"color: #000000;\">\u00a0<\/span><\/p>\n<\/div>\n<p style=\"text-align: left;\" align=\"center\"><span style=\"color: #000000;\">Bei Erreichen einer bestimmten Leistungsklasse werden die Jugendlichen in Bezirkskadern zusammengefasst und von den jeweiligen Bezirksjugendleitern und Trainern betreut.<\/span><\/p>\n<p style=\"text-align: left;\" align=\"center\"><span style=\"color: #000000;\">Die Sch\u00fctzen von Landesinteresse werden in den Landeskader berufen, das von der Technikergruppe des <strong>Reginalkomites<\/strong> der UITS betreut wird.<\/span><\/p>\n<p style=\"text-align: left;\" align=\"center\"><span style=\"color: #000000;\">Die Jugendlichen werden in folgende Alterskategorien eingeteilt:<\/span><\/p>\n<div align=\"center\">\n<table border=\"0\" width=\"480\" cellspacing=\"1\">\n<tbody>\n<tr>\n<td align=\"center\" width=\"79\" height=\"30\"><span style=\"color: #000000;\"><strong>Sch\u00fcler I<\/strong><\/span><\/td>\n<td align=\"center\" width=\"98\" height=\"30\"><span style=\"color: #000000;\"><strong>10\/11 Jahre<\/strong><\/span><\/td>\n<td align=\"center\" width=\"283\" height=\"30\"><span style=\"color: #000000;\">schie\u00dfen LG und LP mit fixem Bock<\/span><\/td>\n<\/tr>\n<tr>\n<td align=\"center\" width=\"79\" height=\"46\"><span style=\"color: #000000;\"><strong>Sch\u00fcler II<\/strong><\/span><\/td>\n<td align=\"center\" width=\"98\" height=\"46\"><span style=\"color: #000000;\"><strong>12\/13 Jahre<\/strong><\/span><\/td>\n<td align=\"center\" width=\"283\" height=\"46\"><span style=\"color: #000000;\">schie\u00dfen LG und LP mit beweglichem Bock<\/span><br \/>\n<span style=\"color: #000000;\">bzw. stehend frei<\/span><\/td>\n<\/tr>\n<tr>\n<td align=\"center\" width=\"79\" height=\"42\"><span style=\"color: #000000;\"><strong>Z\u00f6glinge<\/strong><\/span><\/td>\n<td align=\"center\" width=\"98\" height=\"42\"><span style=\"color: #000000;\"><strong>14\/15 Jahre<\/strong><\/span><\/td>\n<td align=\"center\" width=\"283\" height=\"42\"><span style=\"color: #000000;\">schie\u00dfen frei<\/span><\/td>\n<\/tr>\n<tr>\n<td align=\"center\" width=\"79\" height=\"44\"><span style=\"color: #000000;\"><strong>Junioren<\/strong><\/span><\/td>\n<td align=\"center\" width=\"98\" height=\"44\"><span style=\"color: #000000;\"><strong>16\/20 Jahre<\/strong><\/span><\/td>\n<td align=\"center\" width=\"283\" height=\"44\"><span style=\"color: #000000;\">schie\u00dfen frei<\/span><\/td>\n<\/tr>\n<tr>\n<td align=\"center\" width=\"79\" height=\"1\"><span style=\"color: #000000;\"><strong>Junioren Damen<\/strong><\/span><\/td>\n<td align=\"center\" width=\"98\" height=\"1\"><span style=\"color: #000000;\"><strong>16\/20\u00a0Jahre<\/strong><\/span><\/td>\n<td align=\"center\" width=\"283\" height=\"1\"><span style=\"color: #000000;\">schie\u00dfen frei<\/span><\/td>\n<\/tr>\n<\/tbody>\n<\/table>\n<p><span style=\"color: #000000;\">\u00a0<\/span><\/p>\n<\/div>\n<p>[\/vc_column_text][vc_separator color=&#8220;custom&#8220; border_width=&#8220;5&#8243; accent_color=&#8220;#e29754&#8243;][\/vc_column][\/vc_row][vc_row][vc_column][vc_column_text]<\/p>\n<p>[\/vc_column_text][\/vc_column][\/vc_row]<\/p>\n","protected":false},"excerpt":{"rendered":"<p>[vc_row][vc_column width=&#8220;2\/3&#8243;][vc_column_text] JUGEND [\/vc_column_text][vc_separator color=&#8220;custom&#8220; border_width=&#8220;5&#8243; accent_color=&#8220;#fb0102&#8243;][vc_column_text] &nbsp; S\u00fcdtiroler Sportsch\u00fctzenjugend\u00a0 Die Statuten des S\u00fcdtiroler Sportsch\u00fctzenverbandes wurden vor einigen Jahren in einigen Punkten abge\u00e4ndert. Eine wesentliche Neuerung dabei war die Regelung der Jugendarbeit. Diese Neustrukturierung konnte auch in der Praxis umgesetzt werden. Vorgesehen ist hiermit in jeder Gilde ein Jugendleiter, der auf Vereinsebene die Koordinierung s\u00e4mtlicher [&hellip;]<\/p>\n","protected":false},"author":1,"featured_media":0,"parent":0,"menu_order":0,"comment_status":"closed","ping_status":"closed","template":"","meta":[],"yoast_head":"<!-- This site is optimized with the Yoast SEO plugin v17.8 - https:\/\/yoast.com\/wordpress\/plugins\/seo\/ -->\n<meta name=\"robots\" content=\"index, follow, max-snippet:-1, max-image-preview:large, max-video-preview:-1\" \/>\n<link rel=\"canonical\" href=\"https:\/\/www.sssv.org\/17\/jugend\/\" \/>\n<meta property=\"og:locale\" content=\"de_DE\" \/>\n<meta property=\"og:type\" content=\"article\" \/>\n<meta property=\"og:title\" content=\"JUGEND - SSSV\" \/>\n<meta property=\"og:description\" content=\"[vc_row][vc_column width=&#8220;2\/3&#8243;][vc_column_text] JUGEND [\/vc_column_text][vc_separator color=&#8220;custom&#8220; border_width=&#8220;5&#8243; accent_color=&#8220;#fb0102&#8243;][vc_column_text] &nbsp; S\u00fcdtiroler Sportsch\u00fctzenjugend\u00a0 Die Statuten des S\u00fcdtiroler Sportsch\u00fctzenverbandes wurden vor einigen Jahren in einigen Punkten abge\u00e4ndert. Eine wesentliche Neuerung dabei war die Regelung der Jugendarbeit. Diese Neustrukturierung konnte auch in der Praxis umgesetzt werden. Vorgesehen ist hiermit in jeder Gilde ein Jugendleiter, der auf Vereinsebene die Koordinierung s\u00e4mtlicher [&hellip;]\" \/>\n<meta property=\"og:url\" content=\"https:\/\/www.sssv.org\/17\/jugend\/\" \/>\n<meta property=\"og:site_name\" content=\"SSSV\" \/>\n<meta property=\"article:modified_time\" content=\"2025-02-16T18:18:24+00:00\" \/>\n<meta property=\"og:image\" content=\"https:\/\/www.sssv.org\/17\/wp-content\/uploads\/2022\/10\/Gruener-Kilian-L-J-L-219x300.jpg\" \/>\n<meta name=\"twitter:card\" content=\"summary_large_image\" \/>\n<meta name=\"twitter:label1\" content=\"Gesch\u00e4tzte Lesezeit\" \/>\n\t<meta name=\"twitter:data1\" content=\"2\u00a0Minuten\" \/>\n<script type=\"application\/ld+json\" class=\"yoast-schema-graph\">{\"@context\":\"https:\/\/schema.org\",\"@graph\":[{\"@type\":\"WebSite\",\"@id\":\"https:\/\/www.sssv.org\/17\/#website\",\"url\":\"https:\/\/www.sssv.org\/17\/\",\"name\":\"SSSV\",\"description\":\"S\\u00fcdtiroler Sportsch\\u00fctzenverband\",\"potentialAction\":[{\"@type\":\"SearchAction\",\"target\":{\"@type\":\"EntryPoint\",\"urlTemplate\":\"https:\/\/www.sssv.org\/17\/?s={search_term_string}\"},\"query-input\":\"required name=search_term_string\"}],\"inLanguage\":\"de\"},{\"@type\":\"ImageObject\",\"@id\":\"https:\/\/www.sssv.org\/17\/jugend\/#primaryimage\",\"inLanguage\":\"de\",\"url\":\"https:\/\/www.sssv.org\/17\/wp-content\/uploads\/2022\/10\/Gruener-Kilian-L-J-L.jpg\",\"contentUrl\":\"https:\/\/www.sssv.org\/17\/wp-content\/uploads\/2022\/10\/Gruener-Kilian-L-J-L.jpg\",\"width\":392,\"height\":536},{\"@type\":\"WebPage\",\"@id\":\"https:\/\/www.sssv.org\/17\/jugend\/#webpage\",\"url\":\"https:\/\/www.sssv.org\/17\/jugend\/\",\"name\":\"JUGEND - SSSV\",\"isPartOf\":{\"@id\":\"https:\/\/www.sssv.org\/17\/#website\"},\"primaryImageOfPage\":{\"@id\":\"https:\/\/www.sssv.org\/17\/jugend\/#primaryimage\"},\"datePublished\":\"2017-12-04T14:19:19+00:00\",\"dateModified\":\"2025-02-16T18:18:24+00:00\",\"breadcrumb\":{\"@id\":\"https:\/\/www.sssv.org\/17\/jugend\/#breadcrumb\"},\"inLanguage\":\"de\",\"potentialAction\":[{\"@type\":\"ReadAction\",\"target\":[\"https:\/\/www.sssv.org\/17\/jugend\/\"]}]},{\"@type\":\"BreadcrumbList\",\"@id\":\"https:\/\/www.sssv.org\/17\/jugend\/#breadcrumb\",\"itemListElement\":[{\"@type\":\"ListItem\",\"position\":1,\"name\":\"Startseite\",\"item\":\"https:\/\/www.sssv.org\/17\/\"},{\"@type\":\"ListItem\",\"position\":2,\"name\":\"JUGEND\"}]}]}<\/script>\n<!-- \/ Yoast SEO plugin. -->","yoast_head_json":{"robots":{"index":"index","follow":"follow","max-snippet":"max-snippet:-1","max-image-preview":"max-image-preview:large","max-video-preview":"max-video-preview:-1"},"canonical":"https:\/\/www.sssv.org\/17\/jugend\/","og_locale":"de_DE","og_type":"article","og_title":"JUGEND - SSSV","og_description":"[vc_row][vc_column width=&#8220;2\/3&#8243;][vc_column_text] JUGEND [\/vc_column_text][vc_separator color=&#8220;custom&#8220; border_width=&#8220;5&#8243; accent_color=&#8220;#fb0102&#8243;][vc_column_text] &nbsp; S\u00fcdtiroler Sportsch\u00fctzenjugend\u00a0 Die Statuten des S\u00fcdtiroler Sportsch\u00fctzenverbandes wurden vor einigen Jahren in einigen Punkten abge\u00e4ndert. Eine wesentliche Neuerung dabei war die Regelung der Jugendarbeit. Diese Neustrukturierung konnte auch in der Praxis umgesetzt werden. Vorgesehen ist hiermit in jeder Gilde ein Jugendleiter, der auf Vereinsebene die Koordinierung s\u00e4mtlicher [&hellip;]","og_url":"https:\/\/www.sssv.org\/17\/jugend\/","og_site_name":"SSSV","article_modified_time":"2025-02-16T18:18:24+00:00","og_image":[{"url":"https:\/\/www.sssv.org\/17\/wp-content\/uploads\/2022\/10\/Gruener-Kilian-L-J-L-219x300.jpg"}],"twitter_card":"summary_large_image","twitter_misc":{"Gesch\u00e4tzte Lesezeit":"2\u00a0Minuten"},"schema":{"@context":"https:\/\/schema.org","@graph":[{"@type":"WebSite","@id":"https:\/\/www.sssv.org\/17\/#website","url":"https:\/\/www.sssv.org\/17\/","name":"SSSV","description":"S\u00fcdtiroler Sportsch\u00fctzenverband","potentialAction":[{"@type":"SearchAction","target":{"@type":"EntryPoint","urlTemplate":"https:\/\/www.sssv.org\/17\/?s={search_term_string}"},"query-input":"required name=search_term_string"}],"inLanguage":"de"},{"@type":"ImageObject","@id":"https:\/\/www.sssv.org\/17\/jugend\/#primaryimage","inLanguage":"de","url":"https:\/\/www.sssv.org\/17\/wp-content\/uploads\/2022\/10\/Gruener-Kilian-L-J-L.jpg","contentUrl":"https:\/\/www.sssv.org\/17\/wp-content\/uploads\/2022\/10\/Gruener-Kilian-L-J-L.jpg","width":392,"height":536},{"@type":"WebPage","@id":"https:\/\/www.sssv.org\/17\/jugend\/#webpage","url":"https:\/\/www.sssv.org\/17\/jugend\/","name":"JUGEND - SSSV","isPartOf":{"@id":"https:\/\/www.sssv.org\/17\/#website"},"primaryImageOfPage":{"@id":"https:\/\/www.sssv.org\/17\/jugend\/#primaryimage"},"datePublished":"2017-12-04T14:19:19+00:00","dateModified":"2025-02-16T18:18:24+00:00","breadcrumb":{"@id":"https:\/\/www.sssv.org\/17\/jugend\/#breadcrumb"},"inLanguage":"de","potentialAction":[{"@type":"ReadAction","target":["https:\/\/www.sssv.org\/17\/jugend\/"]}]},{"@type":"BreadcrumbList","@id":"https:\/\/www.sssv.org\/17\/jugend\/#breadcrumb","itemListElement":[{"@type":"ListItem","position":1,"name":"Startseite","item":"https:\/\/www.sssv.org\/17\/"},{"@type":"ListItem","position":2,"name":"JUGEND"}]}]}},"_links":{"self":[{"href":"https:\/\/www.sssv.org\/17\/wp-json\/wp\/v2\/pages\/1027"}],"collection":[{"href":"https:\/\/www.sssv.org\/17\/wp-json\/wp\/v2\/pages"}],"about":[{"href":"https:\/\/www.sssv.org\/17\/wp-json\/wp\/v2\/types\/page"}],"author":[{"embeddable":true,"href":"https:\/\/www.sssv.org\/17\/wp-json\/wp\/v2\/users\/1"}],"replies":[{"embeddable":true,"href":"https:\/\/www.sssv.org\/17\/wp-json\/wp\/v2\/comments?post=1027"}],"version-history":[{"count":16,"href":"https:\/\/www.sssv.org\/17\/wp-json\/wp\/v2\/pages\/1027\/revisions"}],"predecessor-version":[{"id":5287,"href":"https:\/\/www.sssv.org\/17\/wp-json\/wp\/v2\/pages\/1027\/revisions\/5287"}],"wp:attachment":[{"href":"https:\/\/www.sssv.org\/17\/wp-json\/wp\/v2\/media?parent=1027"}],"curies":[{"name":"wp","href":"https:\/\/api.w.org\/{rel}","templated":true}]}}